{"id":1846,"date":"2025-02-21T16:43:26","date_gmt":"2025-02-21T16:43:26","guid":{"rendered":"https:\/\/villamelia.it\/territorio\/"},"modified":"2025-12-14T08:41:42","modified_gmt":"2025-12-14T08:41:42","slug":"gebiet","status":"publish","type":"page","link":"https:\/\/villamelia.it\/de\/gebiet\/","title":{"rendered":"Gebiet"},"content":{"rendered":"\t\t<div data-elementor-type=\"wp-page\" data-elementor-id=\"1846\" class=\"elementor elementor-1846 elementor-484\">\n\t\t\t\t\t\t<section class=\"elementor-section elementor-top-section elementor-element elementor-element-e54c66d elementor-section-full_width qode_elementor_container_inner elementor-section-height-default elementor-section-height-default parallax_section_no\" data-id=\"e54c66d\" data-element_type=\"section\" data-e-type=\"section\">\n\t\t\t\t\t\t<div class=\"elementor-container elementor-column-gap-no\">\n\t\t\t\t\t<div class=\"elementor-column elementor-col-100 elementor-top-column elementor-element elementor-element-e15de23\" data-id=\"e15de23\" data-element_type=\"column\" data-e-type=\"column\">\n\t\t\t<div class=\"elementor-widget-wrap elementor-element-populated\">\n\t\t\t\t\t\t<div class=\"elementor-element elementor-element-8db04f1 elementor-widget elementor-widget-text-editor\" data-id=\"8db04f1\" data-element_type=\"widget\" data-e-type=\"widget\" data-widget_type=\"text-editor.default\">\n\t\t\t\t<div class=\"elementor-widget-container\">\n\t\t\t\t\t\t\t\t\t<h1>Der zeitlose Charme des historischen Zentrums<\/h1>\t\t\t\t\t\t\t\t<\/div>\n\t\t\t\t<\/div>\n\t\t\t\t<div class=\"elementor-element elementor-element-d99cab6 elementor-widget elementor-widget-image\" data-id=\"d99cab6\" data-element_type=\"widget\" data-e-type=\"widget\" data-widget_type=\"image.default\">\n\t\t\t\t<div class=\"elementor-widget-container\">\n\t\t\t\t\t\t\t\t\t\t\t\t\t\t\t<img decoding=\"async\" width=\"70\" height=\"2\" src=\"https:\/\/villamelia.it\/wp-content\/uploads\/2020\/08\/border.png\" class=\"attachment-full size-full wp-image-1823\" alt=\"m\" \/>\t\t\t\t\t\t\t\t\t\t\t\t\t\t\t<\/div>\n\t\t\t\t<\/div>\n\t\t\t\t<div class=\"elementor-element elementor-element-c709f03 elementor-widget elementor-widget-image\" data-id=\"c709f03\" data-element_type=\"widget\" data-e-type=\"widget\" data-widget_type=\"image.default\">\n\t\t\t\t<div class=\"elementor-widget-container\">\n\t\t\t\t\t\t\t\t\t\t\t\t\t\t\t<img fetchpriority=\"high\" decoding=\"async\" width=\"1300\" height=\"666\" src=\"https:\/\/villamelia.it\/wp-content\/uploads\/2025\/06\/Orta_1.jpg\" class=\"attachment-full size-full wp-image-1840\" alt=\"\" srcset=\"https:\/\/villamelia.it\/wp-content\/uploads\/2025\/06\/Orta_1.jpg 1300w, https:\/\/villamelia.it\/wp-content\/uploads\/2025\/06\/Orta_1-300x154.jpg 300w, https:\/\/villamelia.it\/wp-content\/uploads\/2025\/06\/Orta_1-1024x525.jpg 1024w, https:\/\/villamelia.it\/wp-content\/uploads\/2025\/06\/Orta_1-768x393.jpg 768w, https:\/\/villamelia.it\/wp-content\/uploads\/2025\/06\/Orta_1-700x359.jpg 700w\" sizes=\"(max-width: 1300px) 100vw, 1300px\" \/>\t\t\t\t\t\t\t\t\t\t\t\t\t\t\t<\/div>\n\t\t\t\t<\/div>\n\t\t\t\t<div class=\"elementor-element elementor-element-d38e6bc elementor-widget elementor-widget-text-editor\" data-id=\"d38e6bc\" data-element_type=\"widget\" data-e-type=\"widget\" data-widget_type=\"text-editor.default\">\n\t\t\t\t<div class=\"elementor-widget-container\">\n\t\t\t\t\t\t\t\t\t<p>Kopfsteinpflastergassen, elegante historische Geb\u00e4ude und romantische Ausblicke auf den See: Das historische Zentrum von Orta San Giulio ist ein wahres Juwel, das man am besten zu Fu\u00df erkundet. Vorbei an Handwerksbetrieben, Caf\u00e9s und Restaurants mit Panoramaterrassen erreicht man die pr\u00e4chtige Piazza Motta, das pulsierende Herz des Ortes, von wo aus die Boote zur Insel San Giulio ablegen.<\/p>\t\t\t\t\t\t\t\t<\/div>\n\t\t\t\t<\/div>\n\t\t\t\t\t<\/div>\n\t\t<\/div>\n\t\t\t\t\t<\/div>\n\t\t<\/section>\n\t\t\t\t<section class=\"elementor-section elementor-top-section elementor-element elementor-element-ff2cac6 elementor-section-full_width qode_elementor_container_inner elementor-section-height-default elementor-section-height-default parallax_section_no\" data-id=\"ff2cac6\" data-element_type=\"section\" data-e-type=\"section\">\n\t\t\t\t\t\t<div class=\"elementor-container elementor-column-gap-no\">\n\t\t\t\t\t<div class=\"elementor-column elementor-col-50 elementor-top-column elementor-element elementor-element-81a90c8\" data-id=\"81a90c8\" data-element_type=\"column\" data-e-type=\"column\">\n\t\t\t<div class=\"elementor-widget-wrap elementor-element-populated\">\n\t\t\t\t\t\t<div class=\"elementor-element elementor-element-24fdd81 elementor-widget elementor-widget-image\" data-id=\"24fdd81\" data-element_type=\"widget\" data-e-type=\"widget\" data-widget_type=\"image.default\">\n\t\t\t\t<div class=\"elementor-widget-container\">\n\t\t\t\t\t\t\t\t\t\t\t\t\t\t\t<img decoding=\"async\" width=\"653\" height=\"632\" src=\"https:\/\/villamelia.it\/wp-content\/uploads\/2025\/06\/foto_DOPPIA_territorio.png\" class=\"attachment-full size-full wp-image-1841\" alt=\"\" srcset=\"https:\/\/villamelia.it\/wp-content\/uploads\/2025\/06\/foto_DOPPIA_territorio.png 653w, https:\/\/villamelia.it\/wp-content\/uploads\/2025\/06\/foto_DOPPIA_territorio-300x290.png 300w\" sizes=\"(max-width: 653px) 100vw, 653px\" \/>\t\t\t\t\t\t\t\t\t\t\t\t\t\t\t<\/div>\n\t\t\t\t<\/div>\n\t\t\t\t\t<\/div>\n\t\t<\/div>\n\t\t\t\t<div class=\"elementor-column elementor-col-50 elementor-top-column elementor-element elementor-element-985349c\" data-id=\"985349c\" data-element_type=\"column\" data-e-type=\"column\">\n\t\t\t<div class=\"elementor-widget-wrap elementor-element-populated\">\n\t\t\t\t\t\t<div class=\"elementor-element elementor-element-6cba9d0 elementor-widget elementor-widget-text-editor\" data-id=\"6cba9d0\" data-element_type=\"widget\" data-e-type=\"widget\" data-widget_type=\"text-editor.default\">\n\t\t\t\t<div class=\"elementor-widget-container\">\n\t\t\t\t\t\t\t\t\t<h1>Das romantische Dorf<br \/>von Orta San Giulio<\/h1>\t\t\t\t\t\t\t\t<\/div>\n\t\t\t\t<\/div>\n\t\t\t\t<div class=\"elementor-element elementor-element-0ff3e3f elementor-widget elementor-widget-image\" data-id=\"0ff3e3f\" data-element_type=\"widget\" data-e-type=\"widget\" data-widget_type=\"image.default\">\n\t\t\t\t<div class=\"elementor-widget-container\">\n\t\t\t\t\t\t\t\t\t\t\t\t\t\t\t<img decoding=\"async\" width=\"70\" height=\"2\" src=\"https:\/\/villamelia.it\/wp-content\/uploads\/2020\/08\/border.png\" class=\"attachment-full size-full wp-image-1823\" alt=\"m\" \/>\t\t\t\t\t\t\t\t\t\t\t\t\t\t\t<\/div>\n\t\t\t\t<\/div>\n\t\t\t\t<div class=\"elementor-element elementor-element-2b9a7f3 elementor-widget elementor-widget-text-editor\" data-id=\"2b9a7f3\" data-element_type=\"widget\" data-e-type=\"widget\" data-widget_type=\"text-editor.default\">\n\t\t\t\t<div class=\"elementor-widget-container\">\n\t\t\t\t\t\t\t\t\t<h4>Das Zentrum von Orta besteht aus der ber\u00fchmten Piazza Motta, auf der sich der Palazzo della Comunit\u00e0 della Riviera di San Giulio befindet, und der \u201eSalita alla Motta\u201c, die zum Sacro Monte f\u00fchrt, einem der faszinierendsten Orte der Gegend.<\/h4>\t\t\t\t\t\t\t\t<\/div>\n\t\t\t\t<\/div>\n\t\t\t\t<div class=\"elementor-element elementor-element-cdf0156 elementor-widget elementor-widget-text-editor\" data-id=\"cdf0156\" data-element_type=\"widget\" data-e-type=\"widget\" data-widget_type=\"text-editor.default\">\n\t\t\t\t<div class=\"elementor-widget-container\">\n\t\t\t\t\t\t\t\t\t<p>Dieser Pfad, der einen H\u00f6henunterschied von etwa 100 Metern \u00fcberwindet, f\u00fchrt zur Kirche San Nicolao und den zwanzig Kapellen, die das Leben des Heiligen Franz von Assisi erz\u00e4hlen.<br \/>Die Piazza Motta, das Wohnzimmer des Sees, ist Ausgangspunkt f\u00fcr Bootsausfl\u00fcge und der ideale Ort f\u00fcr eine entspannte Pause in einem der Caf\u00e9s oder Restaurants.<\/p>\t\t\t\t\t\t\t\t<\/div>\n\t\t\t\t<\/div>\n\t\t\t\t\t<\/div>\n\t\t<\/div>\n\t\t\t\t\t<\/div>\n\t\t<\/section>\n\t\t\t\t<section class=\"elementor-section elementor-top-section elementor-element elementor-element-c694704 elementor-section-full_width qode_elementor_container_inner elementor-section-height-default elementor-section-height-default parallax_section_no\" data-id=\"c694704\" data-element_type=\"section\" data-e-type=\"section\">\n\t\t\t\t\t\t<div class=\"elementor-container elementor-column-gap-no\">\n\t\t\t\t\t<div class=\"elementor-column elementor-col-50 elementor-top-column elementor-element elementor-element-c082aa6\" data-id=\"c082aa6\" data-element_type=\"column\" data-e-type=\"column\">\n\t\t\t<div class=\"elementor-widget-wrap elementor-element-populated\">\n\t\t\t\t\t\t<div class=\"elementor-element elementor-element-6c940b3 elementor-widget elementor-widget-text-editor\" data-id=\"6c940b3\" data-element_type=\"widget\" data-e-type=\"widget\" data-widget_type=\"text-editor.default\">\n\t\t\t\t<div class=\"elementor-widget-container\">\n\t\t\t\t\t\t\t\t\t<h1>Der heilige Berg Orta, ein Ort des Friedens und der Spiritualit\u00e4t<\/h1>\t\t\t\t\t\t\t\t<\/div>\n\t\t\t\t<\/div>\n\t\t\t\t<div class=\"elementor-element elementor-element-3bf0cd2 elementor-widget elementor-widget-image\" data-id=\"3bf0cd2\" data-element_type=\"widget\" data-e-type=\"widget\" data-widget_type=\"image.default\">\n\t\t\t\t<div class=\"elementor-widget-container\">\n\t\t\t\t\t\t\t\t\t\t\t\t\t\t\t<img decoding=\"async\" width=\"70\" height=\"2\" src=\"https:\/\/villamelia.it\/wp-content\/uploads\/2020\/08\/border.png\" class=\"attachment-full size-full wp-image-1823\" alt=\"m\" \/>\t\t\t\t\t\t\t\t\t\t\t\t\t\t\t<\/div>\n\t\t\t\t<\/div>\n\t\t\t\t<div class=\"elementor-element elementor-element-ade27bf elementor-widget elementor-widget-text-editor\" data-id=\"ade27bf\" data-element_type=\"widget\" data-e-type=\"widget\" data-widget_type=\"text-editor.default\">\n\t\t\t\t<div class=\"elementor-widget-container\">\n\t\t\t\t\t\t\t\t\t<h4>Der heilige Berg Orta, der zum UNESCO-Weltkulturerbe geh\u00f6rt, ist eine Oase der Ruhe inmitten der Natur.<\/h4>\t\t\t\t\t\t\t\t<\/div>\n\t\t\t\t<\/div>\n\t\t\t\t<div class=\"elementor-element elementor-element-d75a208 elementor-widget elementor-widget-text-editor\" data-id=\"d75a208\" data-element_type=\"widget\" data-e-type=\"widget\" data-widget_type=\"text-editor.default\">\n\t\t\t\t<div class=\"elementor-widget-container\">\n\t\t\t\t\t\t\t\t\t<p>Der Waldweg f\u00fchrt zu zwanzig mit Fresken geschm\u00fcckten Kapellen, die das Leben des Heiligen Franz von Assisi erz\u00e4hlen und atemberaubende Ausblicke auf den See bieten. Ein Erlebnis, das Kunst, Geschichte und Spiritualit\u00e4t vereint.<br \/>Vom Sacro Monte aus bietet sich ein herrlicher Panoramablick auf den Ortasee, der sich in seiner ganzen Sch\u00f6nheit offenbart.<\/p>\t\t\t\t\t\t\t\t<\/div>\n\t\t\t\t<\/div>\n\t\t\t\t\t<\/div>\n\t\t<\/div>\n\t\t\t\t<div class=\"elementor-column elementor-col-50 elementor-top-column elementor-element elementor-element-c152e21\" data-id=\"c152e21\" data-element_type=\"column\" data-e-type=\"column\">\n\t\t\t<div class=\"elementor-widget-wrap elementor-element-populated\">\n\t\t\t\t\t\t<div class=\"elementor-element elementor-element-37a0466 elementor-widget elementor-widget-image\" data-id=\"37a0466\" data-element_type=\"widget\" data-e-type=\"widget\" data-widget_type=\"image.default\">\n\t\t\t\t<div class=\"elementor-widget-container\">\n\t\t\t\t\t\t\t\t\t\t\t\t\t\t\t<img loading=\"lazy\" decoding=\"async\" width=\"653\" height=\"632\" src=\"https:\/\/villamelia.it\/wp-content\/uploads\/2025\/03\/Sacro_Monte.png\" class=\"attachment-full size-full wp-image-1842\" alt=\"\" srcset=\"https:\/\/villamelia.it\/wp-content\/uploads\/2025\/03\/Sacro_Monte.png 653w, https:\/\/villamelia.it\/wp-content\/uploads\/2025\/03\/Sacro_Monte-300x290.png 300w\" sizes=\"(max-width: 653px) 100vw, 653px\" \/>\t\t\t\t\t\t\t\t\t\t\t\t\t\t\t<\/div>\n\t\t\t\t<\/div>\n\t\t\t\t\t<\/div>\n\t\t<\/div>\n\t\t\t\t\t<\/div>\n\t\t<\/section>\n\t\t\t\t<section class=\"elementor-section elementor-top-section elementor-element elementor-element-89f8d95 elementor-section-full_width qode_elementor_container_inner elementor-section-height-default elementor-section-height-default parallax_section_no\" data-id=\"89f8d95\" data-element_type=\"section\" data-e-type=\"section\">\n\t\t\t\t\t\t<div class=\"elementor-container elementor-column-gap-no\">\n\t\t\t\t\t<div class=\"elementor-column elementor-col-50 elementor-top-column elementor-element elementor-element-e34730c\" data-id=\"e34730c\" data-element_type=\"column\" data-e-type=\"column\">\n\t\t\t<div class=\"elementor-widget-wrap elementor-element-populated\">\n\t\t\t\t\t\t<div class=\"elementor-element elementor-element-efa0226 elementor-widget elementor-widget-image\" data-id=\"efa0226\" data-element_type=\"widget\" data-e-type=\"widget\" data-widget_type=\"image.default\">\n\t\t\t\t<div class=\"elementor-widget-container\">\n\t\t\t\t\t\t\t\t\t\t\t\t\t\t\t<img loading=\"lazy\" decoding=\"async\" width=\"653\" height=\"632\" src=\"https:\/\/villamelia.it\/wp-content\/uploads\/2025\/03\/Isola_San_Giulio-1.png\" class=\"attachment-full size-full wp-image-1843\" alt=\"\" srcset=\"https:\/\/villamelia.it\/wp-content\/uploads\/2025\/03\/Isola_San_Giulio-1.png 653w, https:\/\/villamelia.it\/wp-content\/uploads\/2025\/03\/Isola_San_Giulio-1-300x290.png 300w\" sizes=\"(max-width: 653px) 100vw, 653px\" \/>\t\t\t\t\t\t\t\t\t\t\t\t\t\t\t<\/div>\n\t\t\t\t<\/div>\n\t\t\t\t\t<\/div>\n\t\t<\/div>\n\t\t\t\t<div class=\"elementor-column elementor-col-50 elementor-top-column elementor-element elementor-element-c5dbfe8\" data-id=\"c5dbfe8\" data-element_type=\"column\" data-e-type=\"column\">\n\t\t\t<div class=\"elementor-widget-wrap elementor-element-populated\">\n\t\t\t\t\t\t<div class=\"elementor-element elementor-element-0d552fb elementor-widget elementor-widget-text-editor\" data-id=\"0d552fb\" data-element_type=\"widget\" data-e-type=\"widget\" data-widget_type=\"text-editor.default\">\n\t\t\t\t<div class=\"elementor-widget-container\">\n\t\t\t\t\t\t\t\t\t<h1>Insel San Giulio, das mystische Herz des Sees<\/h1>\t\t\t\t\t\t\t\t<\/div>\n\t\t\t\t<\/div>\n\t\t\t\t<div class=\"elementor-element elementor-element-01a9ed7 elementor-widget elementor-widget-image\" data-id=\"01a9ed7\" data-element_type=\"widget\" data-e-type=\"widget\" data-widget_type=\"image.default\">\n\t\t\t\t<div class=\"elementor-widget-container\">\n\t\t\t\t\t\t\t\t\t\t\t\t\t\t\t<img decoding=\"async\" width=\"70\" height=\"2\" src=\"https:\/\/villamelia.it\/wp-content\/uploads\/2020\/08\/border.png\" class=\"attachment-full size-full wp-image-1823\" alt=\"m\" \/>\t\t\t\t\t\t\t\t\t\t\t\t\t\t\t<\/div>\n\t\t\t\t<\/div>\n\t\t\t\t<div class=\"elementor-element elementor-element-4a5aa01 elementor-widget elementor-widget-text-editor\" data-id=\"4a5aa01\" data-element_type=\"widget\" data-e-type=\"widget\" data-widget_type=\"text-editor.default\">\n\t\t\t\t<div class=\"elementor-widget-container\">\n\t\t\t\t\t\t\t\t\t<h4>Klein und stimmungsvoll \u2013 die Insel San Giulio ist ein Ort voller Charme und Geheimnisse.<\/h4>\t\t\t\t\t\t\t\t<\/div>\n\t\t\t\t<\/div>\n\t\t\t\t<div class=\"elementor-element elementor-element-08f84db elementor-widget elementor-widget-text-editor\" data-id=\"08f84db\" data-element_type=\"widget\" data-e-type=\"widget\" data-widget_type=\"text-editor.default\">\n\t\t\t\t<div class=\"elementor-widget-container\">\n\t\t\t\t\t\t\t\t\t<p>Die von der alten Benediktinerabtei gepr\u00e4gte Insel l\u00e4dt mit ihrer Via del Silenzio (Weg der Stille), einem Pfad vorbei an historischen Geb\u00e4uden und mit bezaubernden Ausblicken auf den See, zum Verweilen ein. Eine Oase der Ruhe, nur wenige Bootsminuten von Orta entfernt.<\/p>\t\t\t\t\t\t\t\t<\/div>\n\t\t\t\t<\/div>\n\t\t\t\t\t<\/div>\n\t\t<\/div>\n\t\t\t\t\t<\/div>\n\t\t<\/section>\n\t\t\t\t<section class=\"elementor-section elementor-top-section elementor-element elementor-element-37fa530 elementor-section-full_width qode_elementor_container_inner elementor-section-height-default elementor-section-height-default parallax_section_no\" data-id=\"37fa530\" data-element_type=\"section\" data-e-type=\"section\">\n\t\t\t\t\t\t<div class=\"elementor-container elementor-column-gap-no\">\n\t\t\t\t\t<div class=\"elementor-column elementor-col-50 elementor-top-column elementor-element elementor-element-f447c07\" data-id=\"f447c07\" data-element_type=\"column\" data-e-type=\"column\">\n\t\t\t<div class=\"elementor-widget-wrap elementor-element-populated\">\n\t\t\t\t\t\t<div class=\"elementor-element elementor-element-3f0a390 elementor-widget elementor-widget-text-editor\" data-id=\"3f0a390\" data-element_type=\"widget\" data-e-type=\"widget\" data-widget_type=\"text-editor.default\">\n\t\t\t\t<div class=\"elementor-widget-container\">\n\t\t\t\t\t\t\t\t\t<h1>Jenseits von Orta: Ausfl\u00fcge in die Umgebung<\/h1>\t\t\t\t\t\t\t\t<\/div>\n\t\t\t\t<\/div>\n\t\t\t\t<div class=\"elementor-element elementor-element-8ed1c40 elementor-widget elementor-widget-image\" data-id=\"8ed1c40\" data-element_type=\"widget\" data-e-type=\"widget\" data-widget_type=\"image.default\">\n\t\t\t\t<div class=\"elementor-widget-container\">\n\t\t\t\t\t\t\t\t\t\t\t\t\t\t\t<img decoding=\"async\" width=\"70\" height=\"2\" src=\"https:\/\/villamelia.it\/wp-content\/uploads\/2020\/08\/border.png\" class=\"attachment-full size-full wp-image-1823\" alt=\"m\" \/>\t\t\t\t\t\t\t\t\t\t\t\t\t\t\t<\/div>\n\t\t\t\t<\/div>\n\t\t\t\t<div class=\"elementor-element elementor-element-a735c9e elementor-widget elementor-widget-text-editor\" data-id=\"a735c9e\" data-element_type=\"widget\" data-e-type=\"widget\" data-widget_type=\"text-editor.default\">\n\t\t\t\t<div class=\"elementor-widget-container\">\n\t\t\t\t\t\t\t\t\t<h4>Die Villa Amelia ist der ideale Ausgangspunkt, um die Wunder der Gegend zu entdecken.<\/h4>\t\t\t\t\t\t\t\t<\/div>\n\t\t\t\t<\/div>\n\t\t\t\t<div class=\"elementor-element elementor-element-c15f451 elementor-widget elementor-widget-text-editor\" data-id=\"c15f451\" data-element_type=\"widget\" data-e-type=\"widget\" data-widget_type=\"text-editor.default\">\n\t\t\t\t<div class=\"elementor-widget-container\">\n\t\t\t\t\t\t\t\t\t<p><strong>\u2022 Mottarone (20 km \u2013 40 Autominuten)<\/strong><\/p><p>Ein Panoramaberg zwischen dem Ortasee und dem Lago Maggiore, ideal zum Wandern, f\u00fcr Wintersport und um die spektakul\u00e4re Aussicht auf sieben Seen zu genie\u00dfen.<\/p><p>\u00a0<\/p><p><strong>\u2022 Lago Maggiore (15 km \u2013 30 Autominuten)<\/strong><\/p><p>Mit seinen ber\u00fchmten Borrom\u00e4ischen Inseln, Stresa und eleganten Villen am Seeufer ist der Lago Maggiore ein absolutes Muss f\u00fcr alle, die zeitlose Sch\u00f6nheit lieben.<\/p><p>\u00a0<\/p><p><strong>\u2022 Ossola-T\u00e4ler (50 km \u2013 1 Autostunde)<\/strong><\/p><p>Unber\u00fchrte Natur, malerische Bergd\u00f6rfer und spektakul\u00e4re Wanderwege pr\u00e4gen diese T\u00e4ler \u2013 perfekt f\u00fcr Trekking-Begeisterte und Liebhaber der Bergkultur.<\/p>\t\t\t\t\t\t\t\t<\/div>\n\t\t\t\t<\/div>\n\t\t\t\t\t<\/div>\n\t\t<\/div>\n\t\t\t\t<div class=\"elementor-column elementor-col-50 elementor-top-column elementor-element elementor-element-256976d\" data-id=\"256976d\" data-element_type=\"column\" data-e-type=\"column\">\n\t\t\t<div class=\"elementor-widget-wrap elementor-element-populated\">\n\t\t\t\t\t\t<div class=\"elementor-element elementor-element-f1c6067 elementor-widget elementor-widget-image\" data-id=\"f1c6067\" data-element_type=\"widget\" data-e-type=\"widget\" data-widget_type=\"image.default\">\n\t\t\t\t<div class=\"elementor-widget-container\">\n\t\t\t\t\t\t\t\t\t\t\t\t\t\t\t<img loading=\"lazy\" decoding=\"async\" width=\"907\" height=\"878\" src=\"https:\/\/villamelia.it\/wp-content\/uploads\/2025\/06\/foto_DOPPIA_territorio_1.png\" class=\"attachment-full size-full wp-image-1844\" alt=\"\" srcset=\"https:\/\/villamelia.it\/wp-content\/uploads\/2025\/06\/foto_DOPPIA_territorio_1.png 907w, https:\/\/villamelia.it\/wp-content\/uploads\/2025\/06\/foto_DOPPIA_territorio_1-300x290.png 300w, https:\/\/villamelia.it\/wp-content\/uploads\/2025\/06\/foto_DOPPIA_territorio_1-768x743.png 768w, https:\/\/villamelia.it\/wp-content\/uploads\/2025\/06\/foto_DOPPIA_territorio_1-700x678.png 700w\" sizes=\"(max-width: 907px) 100vw, 907px\" \/>\t\t\t\t\t\t\t\t\t\t\t\t\t\t\t<\/div>\n\t\t\t\t<\/div>\n\t\t\t\t\t<\/div>\n\t\t<\/div>\n\t\t\t\t\t<\/div>\n\t\t<\/section>\n\t\t\t\t<\/div>\n\t\t","protected":false},"excerpt":{"rendered":"<p>Der zeitlose Charme des historischen Zentrums Kopfsteinpflastergassen, elegante historische Geb\u00e4ude und romantische Ausblicke auf den See: Das historische Zentrum von Orta San Giulio ist ein wahres Juwel, das man am besten zu Fu\u00df erkundet. Vorbei an Handwerksbetrieben, Caf\u00e9s und Restaurants mit Panoramaterrassen erreicht man die&#8230;<\/p>\n","protected":false},"author":2,"featured_media":0,"parent":0,"menu_order":0,"comment_status":"closed","ping_status":"closed","template":"full_width.php","meta":{"footnotes":""},"class_list":["post-1846","page","type-page","status-publish","hentry"],"_links":{"self":[{"href":"https:\/\/villamelia.it\/de\/wp-json\/wp\/v2\/pages\/1846","targetHints":{"allow":["GET"]}}],"collection":[{"href":"https:\/\/villamelia.it\/de\/wp-json\/wp\/v2\/pages"}],"about":[{"href":"https:\/\/villamelia.it\/de\/wp-json\/wp\/v2\/types\/page"}],"author":[{"embeddable":true,"href":"https:\/\/villamelia.it\/de\/wp-json\/wp\/v2\/users\/2"}],"replies":[{"embeddable":true,"href":"https:\/\/villamelia.it\/de\/wp-json\/wp\/v2\/comments?post=1846"}],"version-history":[{"count":9,"href":"https:\/\/villamelia.it\/de\/wp-json\/wp\/v2\/pages\/1846\/revisions"}],"predecessor-version":[{"id":1980,"href":"https:\/\/villamelia.it\/de\/wp-json\/wp\/v2\/pages\/1846\/revisions\/1980"}],"wp:attachment":[{"href":"https:\/\/villamelia.it\/de\/wp-json\/wp\/v2\/media?parent=1846"}],"curies":[{"name":"wp","href":"https:\/\/api.w.org\/{rel}","templated":true}]}}