{"id":1862,"date":"2025-02-19T13:08:58","date_gmt":"2025-02-19T13:08:58","guid":{"rendered":"https:\/\/villamelia.it\/servizi-inclusi\/"},"modified":"2025-12-14T07:03:30","modified_gmt":"2025-12-14T07:03:30","slug":"inklusivleistungen","status":"publish","type":"page","link":"https:\/\/villamelia.it\/de\/inklusivleistungen\/","title":{"rendered":"Inklusivleistungen"},"content":{"rendered":"\t\t<div data-elementor-type=\"wp-page\" data-elementor-id=\"1862\" class=\"elementor elementor-1862 elementor-233\">\n\t\t\t\t\t\t<section class=\"elementor-section elementor-top-section elementor-element elementor-element-7d33f364 elementor-section-full_width qode_elementor_container_inner elementor-section-height-default elementor-section-height-default parallax_section_no\" data-id=\"7d33f364\" data-element_type=\"section\" data-e-type=\"section\">\n\t\t\t\t\t\t<div class=\"elementor-container elementor-column-gap-no\">\n\t\t\t\t\t<div class=\"elementor-column elementor-col-100 elementor-top-column elementor-element elementor-element-6d7dd080\" data-id=\"6d7dd080\" data-element_type=\"column\" data-e-type=\"column\">\n\t\t\t<div class=\"elementor-widget-wrap elementor-element-populated\">\n\t\t\t\t\t\t<div class=\"elementor-element elementor-element-6c02d706 elementor-widget elementor-widget-text-editor\" data-id=\"6c02d706\" data-element_type=\"widget\" data-e-type=\"widget\" data-widget_type=\"text-editor.default\">\n\t\t\t\t<div class=\"elementor-widget-container\">\n\t\t\t\t\t\t\t\t\t<h1 style=\"text-align: center;\">Inklusivleistungen<\/h1>\t\t\t\t\t\t\t\t<\/div>\n\t\t\t\t<\/div>\n\t\t\t\t<div class=\"elementor-element elementor-element-45a5775b elementor-widget elementor-widget-image\" data-id=\"45a5775b\" data-element_type=\"widget\" data-e-type=\"widget\" data-widget_type=\"image.default\">\n\t\t\t\t<div class=\"elementor-widget-container\">\n\t\t\t\t\t\t\t\t\t\t\t\t\t\t\t<img decoding=\"async\" width=\"70\" height=\"2\" src=\"https:\/\/villamelia.it\/wp-content\/uploads\/2020\/08\/border.png\" class=\"attachment-full size-full wp-image-1823\" alt=\"m\" \/>\t\t\t\t\t\t\t\t\t\t\t\t\t\t\t<\/div>\n\t\t\t\t<\/div>\n\t\t\t\t<div class=\"elementor-element elementor-element-69b66095 elementor-widget elementor-widget-text-editor\" data-id=\"69b66095\" data-element_type=\"widget\" data-e-type=\"widget\" data-widget_type=\"text-editor.default\">\n\t\t\t\t<div class=\"elementor-widget-container\">\n\t\t\t\t\t\t\t\t\t<h4 style=\"text-align: center;\">Unsere G\u00e4ste k\u00f6nnen zahlreiche Serviceleistungen f\u00fcr einen qualitativ hochwertigen Urlaub in Anspruch nehmen.<\/h4>\t\t\t\t\t\t\t\t<\/div>\n\t\t\t\t<\/div>\n\t\t\t\t<section class=\"elementor-section elementor-inner-section elementor-element elementor-element-2ea86b6 elementor-section-full_width elementor-section-height-default elementor-section-height-default parallax_section_no qode_elementor_container_no\" data-id=\"2ea86b6\" data-element_type=\"section\" data-e-type=\"section\">\n\t\t\t\t\t\t<div class=\"elementor-container elementor-column-gap-no\">\n\t\t\t\t\t<div class=\"elementor-column elementor-col-100 elementor-inner-column elementor-element elementor-element-285cf65\" data-id=\"285cf65\" data-element_type=\"column\" data-e-type=\"column\">\n\t\t\t<div class=\"elementor-widget-wrap elementor-element-populated\">\n\t\t\t\t\t\t<div class=\"elementor-element elementor-element-a9112db elementor-widget__width-initial elementor-widget elementor-widget-text-editor\" data-id=\"a9112db\" data-element_type=\"widget\" data-e-type=\"widget\" data-widget_type=\"text-editor.default\">\n\t\t\t\t<div class=\"elementor-widget-container\">\n\t\t\t\t\t\t\t\t\t<p>\u2022\u00a0\u00a0 10 exklusive und ger\u00e4umige Apartments, stilvoll eingerichtet f\u00fcr maximalen Wohnkomfort und erholsame Erholung.<\/p><p>\u2022\u00a0\u00a0 Bettw\u00e4sche- und Handtuchwechsel sowie Reinigung alle 3 Tage (K\u00fcchenreinigung ausgenommen).<\/p><p>\u2022\u00a0\u00a0 Kostenlose Pflegeprodukte.<\/p><p>\u2022\u00a0\u00a0 Jedes Apartment verf\u00fcgt \u00fcber einen privaten Garten (im Erdgeschoss) oder einen Balkon\/eine Terrasse (im ersten Stock).<\/p><p>\u2022\u00a0\u00a0 Biosee mit Whirlpool und Ruhebereich.<\/p><p>\u2022\u00a0\u00a0 Ruhiger Garten mit Sonnenliegen.<\/p><p>\u2022\u00a0\u00a0 Kleiner Fitnessraum.<\/p><p>\u2022\u00a0\u00a0 Sicherer Fahrradabstellraum.<\/p><p>\u2022\u00a0\u00a0 Jedes Apartment ist mit Waschmaschine, B\u00fcgelbrett und B\u00fcgeleisen ausgestattet.<\/p><p>\u2022\u00a0\u00a0 Kostenlose Parkpl\u00e4tze in der Tiefgarage mit Ladestationen f\u00fcr Elektroautos (gegen Geb\u00fchr).<\/p><p>\u2022\u00a0\u00a0 Kostenloses WLAN im gesamten Geb\u00e4ude.<\/p><p>\u2022\u00a0\u00a0 Aufzug verbindet die Tiefgarage direkt mit den Apartments.<\/p><p>\u2022\u00a0\u00a0 Endreinigung inklusive.<\/p><p>\u2022\u00a0\u00a0 Haustiere sind nicht gestattet, um eine stets elegante, saubere und ruhige Atmosph\u00e4re zu gew\u00e4hrleisten.<\/p>\t\t\t\t\t\t\t\t<\/div>\n\t\t\t\t<\/div>\n\t\t\t\t\t<\/div>\n\t\t<\/div>\n\t\t\t\t\t<\/div>\n\t\t<\/section>\n\t\t\t\t\t<\/div>\n\t\t<\/div>\n\t\t\t\t\t<\/div>\n\t\t<\/section>\n\t\t\t\t<section class=\"elementor-section elementor-top-section elementor-element elementor-element-fb1af97 elementor-section-full_width qode_elementor_container_inner elementor-section-height-default elementor-section-height-default parallax_section_no\" data-id=\"fb1af97\" data-element_type=\"section\" data-e-type=\"section\">\n\t\t\t\t\t\t<div class=\"elementor-container elementor-column-gap-no\">\n\t\t\t\t\t<div class=\"elementor-column elementor-col-100 elementor-top-column elementor-element elementor-element-2ea93624\" data-id=\"2ea93624\" data-element_type=\"column\" data-e-type=\"column\">\n\t\t\t<div class=\"elementor-widget-wrap elementor-element-populated\">\n\t\t\t\t\t\t<div class=\"elementor-element elementor-element-11bdd6d0 elementor-widget elementor-widget-text-editor\" data-id=\"11bdd6d0\" data-element_type=\"widget\" data-e-type=\"widget\" data-widget_type=\"text-editor.default\">\n\t\t\t\t<div class=\"elementor-widget-container\">\n\t\t\t\t\t\t\t\t\t<h1 style=\"text-align: center;\">Alles was Sie brauchen<\/h1>\t\t\t\t\t\t\t\t<\/div>\n\t\t\t\t<\/div>\n\t\t\t\t<div class=\"elementor-element elementor-element-92da148 elementor-widget elementor-widget-image\" data-id=\"92da148\" data-element_type=\"widget\" data-e-type=\"widget\" data-widget_type=\"image.default\">\n\t\t\t\t<div class=\"elementor-widget-container\">\n\t\t\t\t\t\t\t\t\t\t\t\t\t\t\t<img decoding=\"async\" width=\"70\" height=\"2\" src=\"https:\/\/villamelia.it\/wp-content\/uploads\/2020\/08\/border.png\" class=\"attachment-full size-full wp-image-1823\" alt=\"m\" \/>\t\t\t\t\t\t\t\t\t\t\t\t\t\t\t<\/div>\n\t\t\t\t<\/div>\n\t\t\t\t<section class=\"elementor-section elementor-inner-section elementor-element elementor-element-6566bd4e elementor-section-full_width elementor-section-height-default elementor-section-height-default parallax_section_no qode_elementor_container_no\" data-id=\"6566bd4e\" data-element_type=\"section\" data-e-type=\"section\">\n\t\t\t\t\t\t<div class=\"elementor-container elementor-column-gap-no\">\n\t\t\t\t\t<div class=\"elementor-column elementor-col-100 elementor-inner-column elementor-element elementor-element-5fc5c247\" data-id=\"5fc5c247\" data-element_type=\"column\" data-e-type=\"column\">\n\t\t\t<div class=\"elementor-widget-wrap elementor-element-populated\">\n\t\t\t\t\t\t<div class=\"elementor-element elementor-element-65c3dd7e elementor-widget elementor-widget-text-editor\" data-id=\"65c3dd7e\" data-element_type=\"widget\" data-e-type=\"widget\" data-widget_type=\"text-editor.default\">\n\t\t\t\t<div class=\"elementor-widget-container\">\n\t\t\t\t\t\t\t\t\t<h4 style=\"text-align: center;\">Exklusive Serviceleistungen und stilvolle R\u00e4umlichkeiten f\u00fcr einen unbeschwerten Aufenthalt.<\/h4>\t\t\t\t\t\t\t\t<\/div>\n\t\t\t\t<\/div>\n\t\t\t\t\t<\/div>\n\t\t<\/div>\n\t\t\t\t\t<\/div>\n\t\t<\/section>\n\t\t\t\t<div class=\"elementor-element elementor-element-15e25208 elementor-widget elementor-widget-bridge_advanced_image_gallery\" data-id=\"15e25208\" data-element_type=\"widget\" data-e-type=\"widget\" data-widget_type=\"bridge_advanced_image_gallery.default\">\n\t\t\t\t<div class=\"elementor-widget-container\">\n\t\t\t\t\t<div class=\"qode-advanced-image-gallery  qode-aig-carousel-type qode-no-space   \">\n\t<div class=\"qode-aig-slider qode-owl-slider\" data-number-of-items=\"3\" data-enable-loop=\"yes\" data-enable-autoplay=\"yes\" data-slider-speed=\"5000\" data-slider-speed-animation=\"600\" data-slider-padding=\"no\" data-enable-navigation=\"no\" data-enable-pagination=\"yes\">\n\t\t\t\t\t<div class=\"qode-aig-image\">\n\t\t\t\t\t\t\t\t\t<img fetchpriority=\"high\" decoding=\"async\" width=\"667\" height=\"1000\" src=\"https:\/\/villamelia.it\/wp-content\/uploads\/2025\/06\/08_Suite_Occhi_lago_17.jpg\" class=\"attachment-full size-full\" alt=\"\" srcset=\"https:\/\/villamelia.it\/wp-content\/uploads\/2025\/06\/08_Suite_Occhi_lago_17.jpg 667w, https:\/\/villamelia.it\/wp-content\/uploads\/2025\/06\/08_Suite_Occhi_lago_17-200x300.jpg 200w\" sizes=\"(max-width: 667px) 100vw, 667px\" \/>\t\t\t\t\t<span class=\"aig-gallery-hover\">\n\t\t\t\t\t\t\t\t\t\t\t<\/span>\n\t\t\t\t\t\t\t<\/div>\n\t\t\t\t\t\t\t\t<div class=\"qode-aig-image\">\n\t\t\t\t\t\t\t\t\t<img decoding=\"async\" width=\"667\" height=\"1000\" src=\"https:\/\/villamelia.it\/wp-content\/uploads\/2025\/06\/09_App_Diamante_36-1.jpg\" class=\"attachment-full size-full\" alt=\"\" srcset=\"https:\/\/villamelia.it\/wp-content\/uploads\/2025\/06\/09_App_Diamante_36-1.jpg 667w, https:\/\/villamelia.it\/wp-content\/uploads\/2025\/06\/09_App_Diamante_36-1-200x300.jpg 200w\" sizes=\"(max-width: 667px) 100vw, 667px\" \/>\t\t\t\t\t<span class=\"aig-gallery-hover\">\n\t\t\t\t\t\t\t\t\t\t\t<\/span>\n\t\t\t\t\t\t\t<\/div>\n\t\t\t\t\t\t\t\t<div class=\"qode-aig-image\">\n\t\t\t\t\t\t\t\t\t<img loading=\"lazy\" decoding=\"async\" width=\"667\" height=\"1000\" src=\"https:\/\/villamelia.it\/wp-content\/uploads\/2025\/06\/05_App_The_Jungle_26.jpg\" class=\"attachment-full size-full\" alt=\"\" srcset=\"https:\/\/villamelia.it\/wp-content\/uploads\/2025\/06\/05_App_The_Jungle_26.jpg 667w, https:\/\/villamelia.it\/wp-content\/uploads\/2025\/06\/05_App_The_Jungle_26-200x300.jpg 200w\" sizes=\"(max-width: 667px) 100vw, 667px\" \/>\t\t\t\t\t<span class=\"aig-gallery-hover\">\n\t\t\t\t\t\t\t\t\t\t\t<\/span>\n\t\t\t\t\t\t\t<\/div>\n\t\t\t\t\t\t\t\t<div class=\"qode-aig-image\">\n\t\t\t\t\t\t\t\t\t<img loading=\"lazy\" decoding=\"async\" width=\"667\" height=\"1000\" src=\"https:\/\/villamelia.it\/wp-content\/uploads\/2025\/06\/08_Suite_Occhi_lago_27.jpg\" class=\"attachment-full size-full\" alt=\"\" srcset=\"https:\/\/villamelia.it\/wp-content\/uploads\/2025\/06\/08_Suite_Occhi_lago_27.jpg 667w, https:\/\/villamelia.it\/wp-content\/uploads\/2025\/06\/08_Suite_Occhi_lago_27-200x300.jpg 200w\" sizes=\"(max-width: 667px) 100vw, 667px\" \/>\t\t\t\t\t<span class=\"aig-gallery-hover\">\n\t\t\t\t\t\t\t\t\t\t\t<\/span>\n\t\t\t\t\t\t\t<\/div>\n\t\t\t\t\t\t\t\t<div class=\"qode-aig-image\">\n\t\t\t\t\t\t\t\t\t<img loading=\"lazy\" decoding=\"async\" width=\"1000\" height=\"1500\" src=\"https:\/\/villamelia.it\/wp-content\/uploads\/2025\/06\/09_App_Diamante_29.jpg\" class=\"attachment-full size-full\" alt=\"\" srcset=\"https:\/\/villamelia.it\/wp-content\/uploads\/2025\/06\/09_App_Diamante_29.jpg 1000w, https:\/\/villamelia.it\/wp-content\/uploads\/2025\/06\/09_App_Diamante_29-200x300.jpg 200w, https:\/\/villamelia.it\/wp-content\/uploads\/2025\/06\/09_App_Diamante_29-683x1024.jpg 683w, https:\/\/villamelia.it\/wp-content\/uploads\/2025\/06\/09_App_Diamante_29-768x1152.jpg 768w, https:\/\/villamelia.it\/wp-content\/uploads\/2025\/06\/09_App_Diamante_29-700x1050.jpg 700w\" sizes=\"(max-width: 1000px) 100vw, 1000px\" \/>\t\t\t\t\t<span class=\"aig-gallery-hover\">\n\t\t\t\t\t\t\t\t\t\t\t<\/span>\n\t\t\t\t\t\t\t<\/div>\n\t\t\t\t\t\t\t\t<div class=\"qode-aig-image\">\n\t\t\t\t\t\t\t\t\t<img loading=\"lazy\" decoding=\"async\" width=\"1000\" height=\"1500\" src=\"https:\/\/villamelia.it\/wp-content\/uploads\/2025\/06\/03_App_Vero_Amore_20.jpg\" class=\"attachment-full size-full\" alt=\"\" srcset=\"https:\/\/villamelia.it\/wp-content\/uploads\/2025\/06\/03_App_Vero_Amore_20.jpg 1000w, https:\/\/villamelia.it\/wp-content\/uploads\/2025\/06\/03_App_Vero_Amore_20-200x300.jpg 200w, https:\/\/villamelia.it\/wp-content\/uploads\/2025\/06\/03_App_Vero_Amore_20-683x1024.jpg 683w, https:\/\/villamelia.it\/wp-content\/uploads\/2025\/06\/03_App_Vero_Amore_20-768x1152.jpg 768w, https:\/\/villamelia.it\/wp-content\/uploads\/2025\/06\/03_App_Vero_Amore_20-700x1050.jpg 700w\" sizes=\"(max-width: 1000px) 100vw, 1000px\" \/>\t\t\t\t\t<span class=\"aig-gallery-hover\">\n\t\t\t\t\t\t\t\t\t\t\t<\/span>\n\t\t\t\t\t\t\t<\/div>\n\t\t\t\t\t\t<\/div>\n<\/div>\t\t\t\t<\/div>\n\t\t\t\t<\/div>\n\t\t\t\t\t<\/div>\n\t\t<\/div>\n\t\t\t\t\t<\/div>\n\t\t<\/section>\n\t\t\t\t<\/div>\n\t\t","protected":false},"excerpt":{"rendered":"<p>Inklusivleistungen Unsere G\u00e4ste k\u00f6nnen zahlreiche Serviceleistungen f\u00fcr einen qualitativ hochwertigen Urlaub in Anspruch nehmen. \u2022\u00a0\u00a0 10 exklusive und ger\u00e4umige Apartments, stilvoll eingerichtet f\u00fcr maximalen Wohnkomfort und erholsame Erholung. \u2022\u00a0\u00a0 Bettw\u00e4sche- und Handtuchwechsel sowie Reinigung alle 3 Tage (K\u00fcchenreinigung ausgenommen). \u2022\u00a0\u00a0 Kostenlose Pflegeprodukte. \u2022\u00a0\u00a0 Jedes Apartment&#8230;<\/p>\n","protected":false},"author":1,"featured_media":0,"parent":0,"menu_order":0,"comment_status":"closed","ping_status":"closed","template":"full_width.php","meta":{"footnotes":""},"class_list":["post-1862","page","type-page","status-publish","hentry"],"_links":{"self":[{"href":"https:\/\/villamelia.it\/de\/wp-json\/wp\/v2\/pages\/1862","targetHints":{"allow":["GET"]}}],"collection":[{"href":"https:\/\/villamelia.it\/de\/wp-json\/wp\/v2\/pages"}],"about":[{"href":"https:\/\/villamelia.it\/de\/wp-json\/wp\/v2\/types\/page"}],"author":[{"embeddable":true,"href":"https:\/\/villamelia.it\/de\/wp-json\/wp\/v2\/users\/1"}],"replies":[{"embeddable":true,"href":"https:\/\/villamelia.it\/de\/wp-json\/wp\/v2\/comments?post=1862"}],"version-history":[{"count":4,"href":"https:\/\/villamelia.it\/de\/wp-json\/wp\/v2\/pages\/1862\/revisions"}],"predecessor-version":[{"id":1867,"href":"https:\/\/villamelia.it\/de\/wp-json\/wp\/v2\/pages\/1862\/revisions\/1867"}],"wp:attachment":[{"href":"https:\/\/villamelia.it\/de\/wp-json\/wp\/v2\/media?parent=1862"}],"curies":[{"name":"wp","href":"https:\/\/api.w.org\/{rel}","templated":true}]}}