{"id":1885,"date":"2020-08-11T09:42:16","date_gmt":"2020-08-11T09:42:16","guid":{"rendered":"https:\/\/villamelia.it\/lacasa\/"},"modified":"2025-12-14T07:23:27","modified_gmt":"2025-12-14T07:23:27","slug":"das-haus","status":"publish","type":"page","link":"https:\/\/villamelia.it\/de\/das-haus\/","title":{"rendered":"Das Haus"},"content":{"rendered":"\t\t<div data-elementor-type=\"wp-page\" data-elementor-id=\"1885\" class=\"elementor elementor-1885 elementor-103\">\n\t\t\t\t\t\t<section class=\"elementor-section elementor-top-section elementor-element elementor-element-871e797 elementor-section-full_width qode_elementor_container_inner elementor-section-height-default elementor-section-height-default parallax_section_no\" data-id=\"871e797\" data-element_type=\"section\" data-e-type=\"section\">\n\t\t\t\t\t\t<div class=\"elementor-container elementor-column-gap-no\">\n\t\t\t\t\t<div class=\"elementor-column elementor-col-100 elementor-top-column elementor-element elementor-element-122f97d\" data-id=\"122f97d\" data-element_type=\"column\" data-e-type=\"column\">\n\t\t\t<div class=\"elementor-widget-wrap elementor-element-populated\">\n\t\t\t\t\t\t<div class=\"elementor-element elementor-element-3071374 elementor-widget elementor-widget-text-editor\" data-id=\"3071374\" data-element_type=\"widget\" data-e-type=\"widget\" data-widget_type=\"text-editor.default\">\n\t\t\t\t<div class=\"elementor-widget-container\">\n\t\t\t\t\t\t\t\t\t<h1 style=\"text-align: center;\">Villa Amelia: Eleganz<br \/>am Ortasee<\/h1>\t\t\t\t\t\t\t\t<\/div>\n\t\t\t\t<\/div>\n\t\t\t\t<div class=\"elementor-element elementor-element-05fb0c4 elementor-widget elementor-widget-image\" data-id=\"05fb0c4\" data-element_type=\"widget\" data-e-type=\"widget\" data-widget_type=\"image.default\">\n\t\t\t\t<div class=\"elementor-widget-container\">\n\t\t\t\t\t\t\t\t\t\t\t\t\t\t\t<img decoding=\"async\" width=\"70\" height=\"2\" src=\"https:\/\/villamelia.it\/wp-content\/uploads\/2020\/08\/border.png\" class=\"attachment-full size-full wp-image-1823\" alt=\"m\" \/>\t\t\t\t\t\t\t\t\t\t\t\t\t\t\t<\/div>\n\t\t\t\t<\/div>\n\t\t\t\t<div class=\"elementor-element elementor-element-9293fb0 elementor-widget elementor-widget-text-editor\" data-id=\"9293fb0\" data-element_type=\"widget\" data-e-type=\"widget\" data-widget_type=\"text-editor.default\">\n\t\t\t\t<div class=\"elementor-widget-container\">\n\t\t\t\t\t\t\t\t\t<h4 style=\"text-align: center;\">Im Herzen von Orta ist die Villa Amelia das Ergebnis einer kompletten Transformation, bei der das antike Geb\u00e4ude einer eleganten Residenz weicht.<\/h4>\t\t\t\t\t\t\t\t<\/div>\n\t\t\t\t<\/div>\n\t\t\t\t<div class=\"elementor-element elementor-element-e4fd4e9 elementor-widget elementor-widget-text-editor\" data-id=\"e4fd4e9\" data-element_type=\"widget\" data-e-type=\"widget\" data-widget_type=\"text-editor.default\">\n\t\t\t\t<div class=\"elementor-widget-container\">\n\t\t\t\t\t\t\t\t\t<p style=\"text-align: center;\">Die 2021 erworbene Villa Amelia ist das Ergebnis einer dreij\u00e4hrigen, sorgf\u00e4ltigen und zielgerichteten Renovierung. Das Projekt verwandelte das Geb\u00e4ude in eine moderne Residenz, in der Komfort und minimalistisches Design in einem eleganten und einladenden Ambiente verschmelzen.<br \/>Der Name Amelia ist eine Hommage an die Mutter des Eigent\u00fcmers Paolo,<br \/>der gemeinsam mit seiner Partnerin Jana einen Ort geschaffen hat, an dem Gastfreundschaft und Liebe zum Detail den Unterschied machen. Die Villa Amelia wurde mit modernsten, umweltfreundlichen L\u00f6sungen errichtet: W\u00e4rmepumpen, Au\u00dfend\u00e4mmung und Solaranlagen garantieren Energieeffizienz und Nachhaltigkeit.<br \/>Die Innenr\u00e4ume mit ihrem essentiellen und zeitgen\u00f6ssischen Stil bieten einen Aufenthalt voller Entspannung und Sch\u00f6nheit.<br \/>Ein perfekter R\u00fcckzugsort, um den Ortasee in vollkommener Ruhe zu erleben.<\/p>\t\t\t\t\t\t\t\t<\/div>\n\t\t\t\t<\/div>\n\t\t\t\t\t<\/div>\n\t\t<\/div>\n\t\t\t\t\t<\/div>\n\t\t<\/section>\n\t\t\t\t<section class=\"elementor-section elementor-top-section elementor-element elementor-element-3a71959e elementor-section-full_width elementor-section-height-default elementor-section-height-default parallax_section_no qode_elementor_container_no\" data-id=\"3a71959e\" data-element_type=\"section\" data-e-type=\"section\" data-settings=\"{&quot;background_background&quot;:&quot;classic&quot;}\">\n\t\t\t\t\t\t<div class=\"elementor-container elementor-column-gap-default\">\n\t\t\t\t\t<div class=\"elementor-column elementor-col-100 elementor-top-column elementor-element elementor-element-95df0a8\" data-id=\"95df0a8\" data-element_type=\"column\" data-e-type=\"column\">\n\t\t\t<div class=\"elementor-widget-wrap\">\n\t\t\t\t\t\t\t<\/div>\n\t\t<\/div>\n\t\t\t\t\t<\/div>\n\t\t<\/section>\n\t\t\t\t<\/div>\n\t\t","protected":false},"excerpt":{"rendered":"<p>Villa Amelia: Eleganzam Ortasee Im Herzen von Orta ist die Villa Amelia das Ergebnis einer kompletten Transformation, bei der das antike Geb\u00e4ude einer eleganten Residenz weicht. Die 2021 erworbene Villa Amelia ist das Ergebnis einer dreij\u00e4hrigen, sorgf\u00e4ltigen und zielgerichteten Renovierung. Das Projekt verwandelte das Geb\u00e4ude&#8230;<\/p>\n","protected":false},"author":1,"featured_media":0,"parent":0,"menu_order":0,"comment_status":"closed","ping_status":"closed","template":"full_width.php","meta":{"footnotes":""},"class_list":["post-1885","page","type-page","status-publish","hentry"],"_links":{"self":[{"href":"https:\/\/villamelia.it\/de\/wp-json\/wp\/v2\/pages\/1885","targetHints":{"allow":["GET"]}}],"collection":[{"href":"https:\/\/villamelia.it\/de\/wp-json\/wp\/v2\/pages"}],"about":[{"href":"https:\/\/villamelia.it\/de\/wp-json\/wp\/v2\/types\/page"}],"author":[{"embeddable":true,"href":"https:\/\/villamelia.it\/de\/wp-json\/wp\/v2\/users\/1"}],"replies":[{"embeddable":true,"href":"https:\/\/villamelia.it\/de\/wp-json\/wp\/v2\/comments?post=1885"}],"version-history":[{"count":5,"href":"https:\/\/villamelia.it\/de\/wp-json\/wp\/v2\/pages\/1885\/revisions"}],"predecessor-version":[{"id":2228,"href":"https:\/\/villamelia.it\/de\/wp-json\/wp\/v2\/pages\/1885\/revisions\/2228"}],"wp:attachment":[{"href":"https:\/\/villamelia.it\/de\/wp-json\/wp\/v2\/media?parent=1885"}],"curies":[{"name":"wp","href":"https:\/\/api.w.org\/{rel}","templated":true}]}}