{"id":1909,"date":"2020-08-11T10:21:36","date_gmt":"2020-08-11T10:21:36","guid":{"rendered":"https:\/\/villamelia.it\/informazioni-utili\/"},"modified":"2025-12-14T07:33:51","modified_gmt":"2025-12-14T07:33:51","slug":"nuetzliche-informationen","status":"publish","type":"page","link":"https:\/\/villamelia.it\/de\/nuetzliche-informationen\/","title":{"rendered":"N\u00fctzliche Informationen"},"content":{"rendered":"\t\t<div data-elementor-type=\"wp-page\" data-elementor-id=\"1909\" class=\"elementor elementor-1909 elementor-125\">\n\t\t\t\t\t\t<section class=\"elementor-section elementor-top-section elementor-element elementor-element-7d33f364 elementor-section-full_width qode_elementor_container_inner elementor-section-height-default elementor-section-height-default parallax_section_no\" data-id=\"7d33f364\" data-element_type=\"section\" data-e-type=\"section\">\n\t\t\t\t\t\t<div class=\"elementor-container elementor-column-gap-no\">\n\t\t\t\t\t<div class=\"elementor-column elementor-col-100 elementor-top-column elementor-element elementor-element-6d7dd080\" data-id=\"6d7dd080\" data-element_type=\"column\" data-e-type=\"column\">\n\t\t\t<div class=\"elementor-widget-wrap elementor-element-populated\">\n\t\t\t\t\t\t<div class=\"elementor-element elementor-element-6c02d706 elementor-widget elementor-widget-text-editor\" data-id=\"6c02d706\" data-element_type=\"widget\" data-e-type=\"widget\" data-widget_type=\"text-editor.default\">\n\t\t\t\t<div class=\"elementor-widget-container\">\n\t\t\t\t\t\t\t\t\t<h1 style=\"text-align: center;\">N\u00fctzliche Informationen<\/h1>\t\t\t\t\t\t\t\t<\/div>\n\t\t\t\t<\/div>\n\t\t\t\t<div class=\"elementor-element elementor-element-45a5775b elementor-widget elementor-widget-image\" data-id=\"45a5775b\" data-element_type=\"widget\" data-e-type=\"widget\" data-widget_type=\"image.default\">\n\t\t\t\t<div class=\"elementor-widget-container\">\n\t\t\t\t\t\t\t\t\t\t\t\t\t\t\t<img decoding=\"async\" width=\"70\" height=\"2\" src=\"https:\/\/villamelia.it\/wp-content\/uploads\/2020\/08\/border.png\" class=\"attachment-full size-full wp-image-1823\" alt=\"m\" \/>\t\t\t\t\t\t\t\t\t\t\t\t\t\t\t<\/div>\n\t\t\t\t<\/div>\n\t\t\t\t<div class=\"elementor-element elementor-element-69b66095 elementor-widget elementor-widget-text-editor\" data-id=\"69b66095\" data-element_type=\"widget\" data-e-type=\"widget\" data-widget_type=\"text-editor.default\">\n\t\t\t\t<div class=\"elementor-widget-container\">\n\t\t\t\t\t\t\t\t\t<h4>Nachfolgend haben wir alle Informationen zusammengestellt, die Sie f\u00fcr Ihren Aufenthalt in der Villa Amelia ben\u00f6tigen.<\/h4>\t\t\t\t\t\t\t\t<\/div>\n\t\t\t\t<\/div>\n\t\t\t\t<section class=\"elementor-section elementor-inner-section elementor-element elementor-element-2ea86b6 elementor-section-full_width elementor-section-height-default elementor-section-height-default parallax_section_no qode_elementor_container_no\" data-id=\"2ea86b6\" data-element_type=\"section\" data-e-type=\"section\">\n\t\t\t\t\t\t<div class=\"elementor-container elementor-column-gap-no\">\n\t\t\t\t\t<div class=\"elementor-column elementor-col-100 elementor-inner-column elementor-element elementor-element-285cf65\" data-id=\"285cf65\" data-element_type=\"column\" data-e-type=\"column\">\n\t\t\t<div class=\"elementor-widget-wrap elementor-element-populated\">\n\t\t\t\t\t\t<div class=\"elementor-element elementor-element-c91e05f elementor-widget elementor-widget-text-editor\" data-id=\"c91e05f\" data-element_type=\"widget\" data-e-type=\"widget\" data-widget_type=\"text-editor.default\">\n\t\t\t\t<div class=\"elementor-widget-container\">\n\t\t\t\t\t\t\t\t\t<h3>Preise<\/h3>\t\t\t\t\t\t\t\t<\/div>\n\t\t\t\t<\/div>\n\t\t\t\t<div class=\"elementor-element elementor-element-a9112db elementor-widget elementor-widget-text-editor\" data-id=\"a9112db\" data-element_type=\"widget\" data-e-type=\"widget\" data-widget_type=\"text-editor.default\">\n\t\t\t\t<div class=\"elementor-widget-container\">\n\t\t\t\t\t\t\t\t\t<p>Unsere Preise sind dynamisch und saison- sowie nachfrageabh\u00e4ngig.<\/p><p>Die Kurtaxe von 1,00 \u20ac pro Person (ab 14 Jahren) und Tag ist nicht im Preis enthalten.<\/p>\t\t\t\t\t\t\t\t<\/div>\n\t\t\t\t<\/div>\n\t\t\t\t<div class=\"elementor-element elementor-element-dd9c937 elementor-widget elementor-widget-text-editor\" data-id=\"dd9c937\" data-element_type=\"widget\" data-e-type=\"widget\" data-widget_type=\"text-editor.default\">\n\t\t\t\t<div class=\"elementor-widget-container\">\n\t\t\t\t\t\t\t\t\t<h3>Ein- und Auschecken<\/h3>\t\t\t\t\t\t\t\t<\/div>\n\t\t\t\t<\/div>\n\t\t\t\t<div class=\"elementor-element elementor-element-ce2ec92 elementor-widget elementor-widget-text-editor\" data-id=\"ce2ec92\" data-element_type=\"widget\" data-e-type=\"widget\" data-widget_type=\"text-editor.default\">\n\t\t\t\t<div class=\"elementor-widget-container\">\n\t\t\t\t\t\t\t\t\t<p>Am Anreisetag steht Ihnen das Apartment ab 15:00 Uhr zur Verf\u00fcgung.<br \/>Am Abreisetag muss das Apartment bis 10:00 Uhr ger\u00e4umt sein.<\/p>\t\t\t\t\t\t\t\t<\/div>\n\t\t\t\t<\/div>\n\t\t\t\t<div class=\"elementor-element elementor-element-0d99b3b elementor-widget elementor-widget-text-editor\" data-id=\"0d99b3b\" data-element_type=\"widget\" data-e-type=\"widget\" data-widget_type=\"text-editor.default\">\n\t\t\t\t<div class=\"elementor-widget-container\">\n\t\t\t\t\t\t\t\t\t<h3>Shuttle-Service<\/h3>\t\t\t\t\t\t\t\t<\/div>\n\t\t\t\t<\/div>\n\t\t\t\t<div class=\"elementor-element elementor-element-a1bae88 elementor-widget elementor-widget-text-editor\" data-id=\"a1bae88\" data-element_type=\"widget\" data-e-type=\"widget\" data-widget_type=\"text-editor.default\">\n\t\t\t\t<div class=\"elementor-widget-container\">\n\t\t\t\t\t\t\t\t\t<p>Auf Anfrage kann ein Shuttle-Service zum und vom Flughafen gebucht werden.<br \/>Kontaktieren Sie uns f\u00fcr weitere Informationen und zur Buchung Ihres Transfers.<\/p>\t\t\t\t\t\t\t\t<\/div>\n\t\t\t\t<\/div>\n\t\t\t\t<div class=\"elementor-element elementor-element-790d27f elementor-widget elementor-widget-text-editor\" data-id=\"790d27f\" data-element_type=\"widget\" data-e-type=\"widget\" data-widget_type=\"text-editor.default\">\n\t\t\t\t<div class=\"elementor-widget-container\">\n\t\t\t\t\t\t\t\t\t<h3>Tiere<\/h3>\t\t\t\t\t\t\t\t<\/div>\n\t\t\t\t<\/div>\n\t\t\t\t<div class=\"elementor-element elementor-element-8c328de elementor-widget elementor-widget-text-editor\" data-id=\"8c328de\" data-element_type=\"widget\" data-e-type=\"widget\" data-widget_type=\"text-editor.default\">\n\t\t\t\t<div class=\"elementor-widget-container\">\n\t\t\t\t\t\t\t\t\t<p>Um allen G\u00e4sten maximalen Komfort zu gew\u00e4hrleisten, sind Haustiere im Geb\u00e4ude nicht gestattet.<\/p>\t\t\t\t\t\t\t\t<\/div>\n\t\t\t\t<\/div>\n\t\t\t\t<div class=\"elementor-element elementor-element-d7588e4 elementor-widget elementor-widget-text-editor\" data-id=\"d7588e4\" data-element_type=\"widget\" data-e-type=\"widget\" data-widget_type=\"text-editor.default\">\n\t\t\t\t<div class=\"elementor-widget-container\">\n\t\t\t\t\t\t\t\t\t<h3><span class=\"font-medium c3 poppins\">Condizioni di cancellazione<\/span><\/h3>\t\t\t\t\t\t\t\t<\/div>\n\t\t\t\t<\/div>\n\t\t\t\t<div class=\"elementor-element elementor-element-c00ff01 elementor-widget elementor-widget-text-editor\" data-id=\"c00ff01\" data-element_type=\"widget\" data-e-type=\"widget\" data-widget_type=\"text-editor.default\">\n\t\t\t\t<div class=\"elementor-widget-container\">\n\t\t\t\t\t\t\t\t\t<p>Eine Buchung zu stornieren ist niemals angenehm \u2013 in erster Linie nat\u00fcrlich f\u00fcr Sie, aber auch f\u00fcr uns. Zu Ihrer Sicherheit empfehlen wir den Abschluss einer Reiseversicherung (die auch im Falle von Unfall, Krankheit oder Todesfall greift). Diese Versicherung kann bereits zum Zeitpunkt der Buchung abgeschlossen werden.<br \/>Ein Widerrufsrecht gem\u00e4\u00df dem Konsumentenschutzgesetz besteht nicht \u2013 dennoch gew\u00e4hren wir Ihnen folgende Stornobedingungen:<br \/>\u2022 Bei einer Stornierung bis 30 Tage vor dem Anreisedatum wird lediglich die Anzahlung einbehalten, die f\u00fcr einen zuk\u00fcnftigen Aufenthalt verwendet werden kann.<br \/>\u2022 Stornierung von 29 bis 15 Tage vor dem Anreisedatum: 40 % des vereinbarten Gesamtpreises abz\u00fcglich der Anzahlung.<br \/>\u2022 Stornierung ab 14 Tagen vor dem Anreisedatum oder bei Nichterscheinen: 80 % des vereinbarten Gesamtpreises abz\u00fcglich der Anzahlung.<br \/>\u2022 Bei vorzeitiger Abreise oder versp\u00e4teter Ankunft: 80 % des vereinbarten Tagespreises f\u00fcr jeden nicht in Anspruch genommenen Tag.<br \/>Mitteilung gem\u00e4\u00df Teil III, Titel III, Kapitel I des Gesetzesdekrets Nr. 206\/2005 (Konsumentenschutzgesetz)<br \/>Die Buchung gilt erst nach Eingang einer Anzahlung als best\u00e4tigt.\u2028Der Betrag der Anzahlung wird in Form eines Gutscheins gutgeschrieben, der f\u00fcr einen zuk\u00fcnftigen Aufenthalt verwendet werden kann.\u2028In allen anderen F\u00e4llen gelten die allgemeinen Stornobedingungen.<\/p>\t\t\t\t\t\t\t\t<\/div>\n\t\t\t\t<\/div>\n\t\t\t\t\t<\/div>\n\t\t<\/div>\n\t\t\t\t\t<\/div>\n\t\t<\/section>\n\t\t\t\t\t<\/div>\n\t\t<\/div>\n\t\t\t\t\t<\/div>\n\t\t<\/section>\n\t\t\t\t<\/div>\n\t\t","protected":false},"excerpt":{"rendered":"<p>N\u00fctzliche Informationen Nachfolgend haben wir alle Informationen zusammengestellt, die Sie f\u00fcr Ihren Aufenthalt in der Villa Amelia ben\u00f6tigen. Preise Unsere Preise sind dynamisch und saison- sowie nachfrageabh\u00e4ngig. Die Kurtaxe von 1,00 \u20ac pro Person (ab 14 Jahren) und Tag ist nicht im Preis enthalten. Ein-&#8230;<\/p>\n","protected":false},"author":1,"featured_media":0,"parent":0,"menu_order":0,"comment_status":"closed","ping_status":"closed","template":"full_width.php","meta":{"footnotes":""},"class_list":["post-1909","page","type-page","status-publish","hentry"],"_links":{"self":[{"href":"https:\/\/villamelia.it\/de\/wp-json\/wp\/v2\/pages\/1909","targetHints":{"allow":["GET"]}}],"collection":[{"href":"https:\/\/villamelia.it\/de\/wp-json\/wp\/v2\/pages"}],"about":[{"href":"https:\/\/villamelia.it\/de\/wp-json\/wp\/v2\/types\/page"}],"author":[{"embeddable":true,"href":"https:\/\/villamelia.it\/de\/wp-json\/wp\/v2\/users\/1"}],"replies":[{"embeddable":true,"href":"https:\/\/villamelia.it\/de\/wp-json\/wp\/v2\/comments?post=1909"}],"version-history":[{"count":4,"href":"https:\/\/villamelia.it\/de\/wp-json\/wp\/v2\/pages\/1909\/revisions"}],"predecessor-version":[{"id":1915,"href":"https:\/\/villamelia.it\/de\/wp-json\/wp\/v2\/pages\/1909\/revisions\/1915"}],"wp:attachment":[{"href":"https:\/\/villamelia.it\/de\/wp-json\/wp\/v2\/media?parent=1909"}],"curies":[{"name":"wp","href":"https:\/\/api.w.org\/{rel}","templated":true}]}}