{"id":1925,"date":"2025-07-24T13:30:49","date_gmt":"2025-07-24T13:30:49","guid":{"rendered":"https:\/\/villamelia.it\/giardino-piscina\/"},"modified":"2025-12-14T07:39:59","modified_gmt":"2025-12-14T07:39:59","slug":"garten-und-schwimmbad","status":"publish","type":"page","link":"https:\/\/villamelia.it\/de\/garten-und-schwimmbad\/","title":{"rendered":"Garten und Schwimmbad"},"content":{"rendered":"\t\t<div data-elementor-type=\"wp-page\" data-elementor-id=\"1925\" class=\"elementor elementor-1925 elementor-1268\">\n\t\t\t\t\t\t<section class=\"elementor-section elementor-top-section elementor-element elementor-element-e54c66d elementor-section-full_width qode_elementor_container_inner elementor-section-height-default elementor-section-height-default parallax_section_no\" data-id=\"e54c66d\" data-element_type=\"section\" data-e-type=\"section\">\n\t\t\t\t\t\t<div class=\"elementor-container elementor-column-gap-no\">\n\t\t\t\t\t<div class=\"elementor-column elementor-col-100 elementor-top-column elementor-element elementor-element-e15de23\" data-id=\"e15de23\" data-element_type=\"column\" data-e-type=\"column\">\n\t\t\t<div class=\"elementor-widget-wrap elementor-element-populated\">\n\t\t\t\t\t\t<div class=\"elementor-element elementor-element-8db04f1 elementor-widget elementor-widget-text-editor\" data-id=\"8db04f1\" data-element_type=\"widget\" data-e-type=\"widget\" data-widget_type=\"text-editor.default\">\n\t\t\t\t<div class=\"elementor-widget-container\">\n\t\t\t\t\t\t\t\t\t<h1>Der Garten<\/h1>\t\t\t\t\t\t\t\t<\/div>\n\t\t\t\t<\/div>\n\t\t\t\t<div class=\"elementor-element elementor-element-d99cab6 elementor-widget elementor-widget-image\" data-id=\"d99cab6\" data-element_type=\"widget\" data-e-type=\"widget\" data-widget_type=\"image.default\">\n\t\t\t\t<div class=\"elementor-widget-container\">\n\t\t\t\t\t\t\t\t\t\t\t\t\t\t\t<img decoding=\"async\" width=\"70\" height=\"2\" src=\"https:\/\/villamelia.it\/wp-content\/uploads\/2020\/08\/border.png\" class=\"attachment-full size-full wp-image-1823\" alt=\"m\" \/>\t\t\t\t\t\t\t\t\t\t\t\t\t\t\t<\/div>\n\t\t\t\t<\/div>\n\t\t\t\t<div class=\"elementor-element elementor-element-c709f03 elementor-widget elementor-widget-image\" data-id=\"c709f03\" data-element_type=\"widget\" data-e-type=\"widget\" data-widget_type=\"image.default\">\n\t\t\t\t<div class=\"elementor-widget-container\">\n\t\t\t\t\t\t\t\t\t\t\t\t\t\t\t<img fetchpriority=\"high\" decoding=\"async\" width=\"1300\" height=\"660\" src=\"https:\/\/villamelia.it\/wp-content\/uploads\/2025\/07\/Giardino_APERTURA.jpg\" class=\"attachment-full size-full wp-image-1922\" alt=\"\" srcset=\"https:\/\/villamelia.it\/wp-content\/uploads\/2025\/07\/Giardino_APERTURA.jpg 1300w, https:\/\/villamelia.it\/wp-content\/uploads\/2025\/07\/Giardino_APERTURA-300x152.jpg 300w, https:\/\/villamelia.it\/wp-content\/uploads\/2025\/07\/Giardino_APERTURA-1024x520.jpg 1024w, https:\/\/villamelia.it\/wp-content\/uploads\/2025\/07\/Giardino_APERTURA-768x390.jpg 768w, https:\/\/villamelia.it\/wp-content\/uploads\/2025\/07\/Giardino_APERTURA-700x355.jpg 700w\" sizes=\"(max-width: 1300px) 100vw, 1300px\" \/>\t\t\t\t\t\t\t\t\t\t\t\t\t\t\t<\/div>\n\t\t\t\t<\/div>\n\t\t\t\t<div class=\"elementor-element elementor-element-d38e6bc elementor-widget elementor-widget-text-editor\" data-id=\"d38e6bc\" data-element_type=\"widget\" data-e-type=\"widget\" data-widget_type=\"text-editor.default\">\n\t\t\t\t<div class=\"elementor-widget-container\">\n\t\t\t\t\t\t\t\t\t<p>Eingebettet in die Ruhe und Farbenpracht der Natur, l\u00e4dt der Garten der Villa Amelia zum Verweilen und Genie\u00dfen ein. Zwischen B\u00e4umen, blumenges\u00e4umten Wegen und sonnigen wie schattigen Pl\u00e4tzen finden Sie Momente wahrer Entspannung.<\/p>\t\t\t\t\t\t\t\t<\/div>\n\t\t\t\t<\/div>\n\t\t\t\t\t<\/div>\n\t\t<\/div>\n\t\t\t\t\t<\/div>\n\t\t<\/section>\n\t\t\t\t<section class=\"elementor-section elementor-top-section elementor-element elementor-element-ff2cac6 elementor-section-full_width qode_elementor_container_inner elementor-section-height-default elementor-section-height-default parallax_section_no\" data-id=\"ff2cac6\" data-element_type=\"section\" data-e-type=\"section\">\n\t\t\t\t\t\t<div class=\"elementor-container elementor-column-gap-no\">\n\t\t\t\t\t<div class=\"elementor-column elementor-col-50 elementor-top-column elementor-element elementor-element-81a90c8\" data-id=\"81a90c8\" data-element_type=\"column\" data-e-type=\"column\">\n\t\t\t<div class=\"elementor-widget-wrap elementor-element-populated\">\n\t\t\t\t\t\t<div class=\"elementor-element elementor-element-24fdd81 elementor-widget elementor-widget-image\" data-id=\"24fdd81\" data-element_type=\"widget\" data-e-type=\"widget\" data-widget_type=\"image.default\">\n\t\t\t\t<div class=\"elementor-widget-container\">\n\t\t\t\t\t\t\t\t\t\t\t\t\t\t\t<img decoding=\"async\" width=\"653\" height=\"632\" src=\"https:\/\/villamelia.it\/wp-content\/uploads\/2025\/07\/foto_DOPPIA_piscina_1.png\" class=\"attachment-full size-full wp-image-1923\" alt=\"\" srcset=\"https:\/\/villamelia.it\/wp-content\/uploads\/2025\/07\/foto_DOPPIA_piscina_1.png 653w, https:\/\/villamelia.it\/wp-content\/uploads\/2025\/07\/foto_DOPPIA_piscina_1-300x290.png 300w\" sizes=\"(max-width: 653px) 100vw, 653px\" \/>\t\t\t\t\t\t\t\t\t\t\t\t\t\t\t<\/div>\n\t\t\t\t<\/div>\n\t\t\t\t\t<\/div>\n\t\t<\/div>\n\t\t\t\t<div class=\"elementor-column elementor-col-50 elementor-top-column elementor-element elementor-element-985349c\" data-id=\"985349c\" data-element_type=\"column\" data-e-type=\"column\">\n\t\t\t<div class=\"elementor-widget-wrap elementor-element-populated\">\n\t\t\t\t\t\t<div class=\"elementor-element elementor-element-6cba9d0 elementor-widget elementor-widget-text-editor\" data-id=\"6cba9d0\" data-element_type=\"widget\" data-e-type=\"widget\" data-widget_type=\"text-editor.default\">\n\t\t\t\t<div class=\"elementor-widget-container\">\n\t\t\t\t\t\t\t\t\t<h1>Biosee &amp; Erholungsbereich<\/h1>\t\t\t\t\t\t\t\t<\/div>\n\t\t\t\t<\/div>\n\t\t\t\t<div class=\"elementor-element elementor-element-0ff3e3f elementor-widget elementor-widget-image\" data-id=\"0ff3e3f\" data-element_type=\"widget\" data-e-type=\"widget\" data-widget_type=\"image.default\">\n\t\t\t\t<div class=\"elementor-widget-container\">\n\t\t\t\t\t\t\t\t\t\t\t\t\t\t\t<img decoding=\"async\" width=\"70\" height=\"2\" src=\"https:\/\/villamelia.it\/wp-content\/uploads\/2020\/08\/border.png\" class=\"attachment-full size-full wp-image-1823\" alt=\"m\" \/>\t\t\t\t\t\t\t\t\t\t\t\t\t\t\t<\/div>\n\t\t\t\t<\/div>\n\t\t\t\t<div class=\"elementor-element elementor-element-2b9a7f3 elementor-widget elementor-widget-text-editor\" data-id=\"2b9a7f3\" data-element_type=\"widget\" data-e-type=\"widget\" data-widget_type=\"text-editor.default\">\n\t\t\t\t<div class=\"elementor-widget-container\">\n\t\t\t\t\t\t\t\t\t<h4>Zur Erholung und Regeneration in Ruhe<\/h4>\t\t\t\t\t\t\t\t<\/div>\n\t\t\t\t<\/div>\n\t\t\t\t<div class=\"elementor-element elementor-element-cdf0156 elementor-widget elementor-widget-text-editor\" data-id=\"cdf0156\" data-element_type=\"widget\" data-e-type=\"widget\" data-widget_type=\"text-editor.default\">\n\t\t\t\t<div class=\"elementor-widget-container\">\n\t\t\t\t\t\t\t\t\t<p>Ein besonderes Highlight Ihres Aufenthalts ist der Bio-See mit Whirlpool und Ruhebereich, wo Sie inmitten der Natur in v\u00f6lliger Stille entspannen k\u00f6nnen. Am Pool laden bequeme Liegen zum Lesen und Verweilen ein.<\/p>\t\t\t\t\t\t\t\t<\/div>\n\t\t\t\t<\/div>\n\t\t\t\t\t<\/div>\n\t\t<\/div>\n\t\t\t\t\t<\/div>\n\t\t<\/section>\n\t\t\t\t<section class=\"elementor-section elementor-top-section elementor-element elementor-element-27847aa elementor-section-full_width qode_elementor_container_inner elementor-section-height-default elementor-section-height-default parallax_section_no\" data-id=\"27847aa\" data-element_type=\"section\" data-e-type=\"section\">\n\t\t\t\t\t\t<div class=\"elementor-container elementor-column-gap-no\">\n\t\t\t\t\t<div class=\"elementor-column elementor-col-100 elementor-top-column elementor-element elementor-element-f94c6ac\" data-id=\"f94c6ac\" data-element_type=\"column\" data-e-type=\"column\">\n\t\t\t<div class=\"elementor-widget-wrap elementor-element-populated\">\n\t\t\t\t\t\t<div class=\"elementor-element elementor-element-9f5345e elementor-widget elementor-widget-text-editor\" data-id=\"9f5345e\" data-element_type=\"widget\" data-e-type=\"widget\" data-widget_type=\"text-editor.default\">\n\t\t\t\t<div class=\"elementor-widget-container\">\n\t\t\t\t\t\t\t\t\t<h1 style=\"text-align: center;\">Alles was Sie brauchen<\/h1>\t\t\t\t\t\t\t\t<\/div>\n\t\t\t\t<\/div>\n\t\t\t\t<div class=\"elementor-element elementor-element-033c48a elementor-widget elementor-widget-image\" data-id=\"033c48a\" data-element_type=\"widget\" data-e-type=\"widget\" data-widget_type=\"image.default\">\n\t\t\t\t<div class=\"elementor-widget-container\">\n\t\t\t\t\t\t\t\t\t\t\t\t\t\t\t<img decoding=\"async\" width=\"70\" height=\"2\" src=\"https:\/\/villamelia.it\/wp-content\/uploads\/2020\/08\/border.png\" class=\"attachment-full size-full wp-image-1823\" alt=\"m\" \/>\t\t\t\t\t\t\t\t\t\t\t\t\t\t\t<\/div>\n\t\t\t\t<\/div>\n\t\t\t\t<section class=\"elementor-section elementor-inner-section elementor-element elementor-element-6c9bf64 elementor-section-full_width elementor-section-height-default elementor-section-height-default parallax_section_no qode_elementor_container_no\" data-id=\"6c9bf64\" data-element_type=\"section\" data-e-type=\"section\">\n\t\t\t\t\t\t<div class=\"elementor-container elementor-column-gap-no\">\n\t\t\t\t\t<div class=\"elementor-column elementor-col-100 elementor-inner-column elementor-element elementor-element-dbd85e9\" data-id=\"dbd85e9\" data-element_type=\"column\" data-e-type=\"column\">\n\t\t\t<div class=\"elementor-widget-wrap elementor-element-populated\">\n\t\t\t\t\t\t<div class=\"elementor-element elementor-element-d68c412 elementor-widget elementor-widget-text-editor\" data-id=\"d68c412\" data-element_type=\"widget\" data-e-type=\"widget\" data-widget_type=\"text-editor.default\">\n\t\t\t\t<div class=\"elementor-widget-container\">\n\t\t\t\t\t\t\t\t\t<h4 style=\"text-align: center;\">Ein Blick auf die Au\u00dfenbereiche, zwischen Natur und Entspannung.<\/h4>\t\t\t\t\t\t\t\t<\/div>\n\t\t\t\t<\/div>\n\t\t\t\t\t<\/div>\n\t\t<\/div>\n\t\t\t\t\t<\/div>\n\t\t<\/section>\n\t\t\t\t<div class=\"elementor-element elementor-element-4af4bdf elementor-widget elementor-widget-bridge_advanced_image_gallery\" data-id=\"4af4bdf\" data-element_type=\"widget\" data-e-type=\"widget\" data-widget_type=\"bridge_advanced_image_gallery.default\">\n\t\t\t\t<div class=\"elementor-widget-container\">\n\t\t\t\t\t<div class=\"qode-advanced-image-gallery  qode-aig-carousel-type qode-no-space   \">\n\t<div class=\"qode-aig-slider qode-owl-slider\" data-number-of-items=\"3\" data-enable-loop=\"yes\" data-enable-autoplay=\"yes\" data-slider-speed=\"5000\" data-slider-speed-animation=\"600\" data-slider-padding=\"no\" data-enable-navigation=\"no\" data-enable-pagination=\"yes\">\n\t\t\t\t\t<div class=\"qode-aig-image\">\n\t\t\t\t\t\t\t\t\t<img loading=\"lazy\" decoding=\"async\" width=\"726\" height=\"1000\" src=\"https:\/\/villamelia.it\/wp-content\/uploads\/2025\/07\/Verticali_Esterno_Piscina1-1.jpg\" class=\"attachment-full size-full\" alt=\"\" srcset=\"https:\/\/villamelia.it\/wp-content\/uploads\/2025\/07\/Verticali_Esterno_Piscina1-1.jpg 726w, https:\/\/villamelia.it\/wp-content\/uploads\/2025\/07\/Verticali_Esterno_Piscina1-1-218x300.jpg 218w, https:\/\/villamelia.it\/wp-content\/uploads\/2025\/07\/Verticali_Esterno_Piscina1-1-700x964.jpg 700w\" sizes=\"(max-width: 726px) 100vw, 726px\" \/>\t\t\t\t\t<span class=\"aig-gallery-hover\">\n\t\t\t\t\t\t\t\t\t\t\t<\/span>\n\t\t\t\t\t\t\t<\/div>\n\t\t\t\t\t\t\t\t<div class=\"qode-aig-image\">\n\t\t\t\t\t\t\t\t\t<img loading=\"lazy\" decoding=\"async\" width=\"726\" height=\"1000\" src=\"https:\/\/villamelia.it\/wp-content\/uploads\/2025\/07\/Verticali_Esterno_Piscina2-1.jpg\" class=\"attachment-full size-full\" alt=\"\" srcset=\"https:\/\/villamelia.it\/wp-content\/uploads\/2025\/07\/Verticali_Esterno_Piscina2-1.jpg 726w, https:\/\/villamelia.it\/wp-content\/uploads\/2025\/07\/Verticali_Esterno_Piscina2-1-218x300.jpg 218w, https:\/\/villamelia.it\/wp-content\/uploads\/2025\/07\/Verticali_Esterno_Piscina2-1-700x964.jpg 700w\" sizes=\"(max-width: 726px) 100vw, 726px\" \/>\t\t\t\t\t<span class=\"aig-gallery-hover\">\n\t\t\t\t\t\t\t\t\t\t\t<\/span>\n\t\t\t\t\t\t\t<\/div>\n\t\t\t\t\t\t\t\t<div class=\"qode-aig-image\">\n\t\t\t\t\t\t\t\t\t<img loading=\"lazy\" decoding=\"async\" width=\"726\" height=\"1000\" src=\"https:\/\/villamelia.it\/wp-content\/uploads\/2025\/07\/Verticali_Esterno_Piscina3-1.jpg\" class=\"attachment-full size-full\" alt=\"\" srcset=\"https:\/\/villamelia.it\/wp-content\/uploads\/2025\/07\/Verticali_Esterno_Piscina3-1.jpg 726w, https:\/\/villamelia.it\/wp-content\/uploads\/2025\/07\/Verticali_Esterno_Piscina3-1-218x300.jpg 218w, https:\/\/villamelia.it\/wp-content\/uploads\/2025\/07\/Verticali_Esterno_Piscina3-1-700x964.jpg 700w\" sizes=\"(max-width: 726px) 100vw, 726px\" \/>\t\t\t\t\t<span class=\"aig-gallery-hover\">\n\t\t\t\t\t\t\t\t\t\t\t<\/span>\n\t\t\t\t\t\t\t<\/div>\n\t\t\t\t\t\t\t\t<div class=\"qode-aig-image\">\n\t\t\t\t\t\t\t\t\t<img loading=\"lazy\" decoding=\"async\" width=\"726\" height=\"1000\" src=\"https:\/\/villamelia.it\/wp-content\/uploads\/2025\/07\/Verticali_Esterno_Piscina4-1.jpg\" class=\"attachment-full size-full\" alt=\"\" srcset=\"https:\/\/villamelia.it\/wp-content\/uploads\/2025\/07\/Verticali_Esterno_Piscina4-1.jpg 726w, https:\/\/villamelia.it\/wp-content\/uploads\/2025\/07\/Verticali_Esterno_Piscina4-1-218x300.jpg 218w, https:\/\/villamelia.it\/wp-content\/uploads\/2025\/07\/Verticali_Esterno_Piscina4-1-700x964.jpg 700w\" sizes=\"(max-width: 726px) 100vw, 726px\" \/>\t\t\t\t\t<span class=\"aig-gallery-hover\">\n\t\t\t\t\t\t\t\t\t\t\t<\/span>\n\t\t\t\t\t\t\t<\/div>\n\t\t\t\t\t\t\t\t<div class=\"qode-aig-image\">\n\t\t\t\t\t\t\t\t\t<img loading=\"lazy\" decoding=\"async\" width=\"726\" height=\"1000\" src=\"https:\/\/villamelia.it\/wp-content\/uploads\/2025\/07\/Verticali_Esterno_Piscina5-1.jpg\" class=\"attachment-full size-full\" alt=\"\" srcset=\"https:\/\/villamelia.it\/wp-content\/uploads\/2025\/07\/Verticali_Esterno_Piscina5-1.jpg 726w, https:\/\/villamelia.it\/wp-content\/uploads\/2025\/07\/Verticali_Esterno_Piscina5-1-218x300.jpg 218w, https:\/\/villamelia.it\/wp-content\/uploads\/2025\/07\/Verticali_Esterno_Piscina5-1-700x964.jpg 700w\" sizes=\"(max-width: 726px) 100vw, 726px\" \/>\t\t\t\t\t<span class=\"aig-gallery-hover\">\n\t\t\t\t\t\t\t\t\t\t\t<\/span>\n\t\t\t\t\t\t\t<\/div>\n\t\t\t\t\t\t\t\t<div class=\"qode-aig-image\">\n\t\t\t\t\t\t\t\t\t<img loading=\"lazy\" decoding=\"async\" width=\"726\" height=\"1000\" src=\"https:\/\/villamelia.it\/wp-content\/uploads\/2025\/07\/Verticali_Esterno_Piscina6-1.jpg\" class=\"attachment-full size-full\" alt=\"\" srcset=\"https:\/\/villamelia.it\/wp-content\/uploads\/2025\/07\/Verticali_Esterno_Piscina6-1.jpg 726w, https:\/\/villamelia.it\/wp-content\/uploads\/2025\/07\/Verticali_Esterno_Piscina6-1-218x300.jpg 218w, https:\/\/villamelia.it\/wp-content\/uploads\/2025\/07\/Verticali_Esterno_Piscina6-1-700x964.jpg 700w\" sizes=\"(max-width: 726px) 100vw, 726px\" \/>\t\t\t\t\t<span class=\"aig-gallery-hover\">\n\t\t\t\t\t\t\t\t\t\t\t<\/span>\n\t\t\t\t\t\t\t<\/div>\n\t\t\t\t\t\t<\/div>\n<\/div>\t\t\t\t<\/div>\n\t\t\t\t<\/div>\n\t\t\t\t\t<\/div>\n\t\t<\/div>\n\t\t\t\t\t<\/div>\n\t\t<\/section>\n\t\t\t\t<\/div>\n\t\t","protected":false},"excerpt":{"rendered":"<p>Der Garten Eingebettet in die Ruhe und Farbenpracht der Natur, l\u00e4dt der Garten der Villa Amelia zum Verweilen und Genie\u00dfen ein. Zwischen B\u00e4umen, blumenges\u00e4umten Wegen und sonnigen wie schattigen Pl\u00e4tzen finden Sie Momente wahrer Entspannung. Biosee &amp; Erholungsbereich Zur Erholung und Regeneration in Ruhe Ein&#8230;<\/p>\n","protected":false},"author":2,"featured_media":0,"parent":0,"menu_order":0,"comment_status":"closed","ping_status":"closed","template":"full_width.php","meta":{"footnotes":""},"class_list":["post-1925","page","type-page","status-publish","hentry"],"_links":{"self":[{"href":"https:\/\/villamelia.it\/de\/wp-json\/wp\/v2\/pages\/1925","targetHints":{"allow":["GET"]}}],"collection":[{"href":"https:\/\/villamelia.it\/de\/wp-json\/wp\/v2\/pages"}],"about":[{"href":"https:\/\/villamelia.it\/de\/wp-json\/wp\/v2\/types\/page"}],"author":[{"embeddable":true,"href":"https:\/\/villamelia.it\/de\/wp-json\/wp\/v2\/users\/2"}],"replies":[{"embeddable":true,"href":"https:\/\/villamelia.it\/de\/wp-json\/wp\/v2\/comments?post=1925"}],"version-history":[{"count":4,"href":"https:\/\/villamelia.it\/de\/wp-json\/wp\/v2\/pages\/1925\/revisions"}],"predecessor-version":[{"id":1939,"href":"https:\/\/villamelia.it\/de\/wp-json\/wp\/v2\/pages\/1925\/revisions\/1939"}],"wp:attachment":[{"href":"https:\/\/villamelia.it\/de\/wp-json\/wp\/v2\/media?parent=1925"}],"curies":[{"name":"wp","href":"https:\/\/api.w.org\/{rel}","templated":true}]}}