{"id":1941,"date":"2025-02-21T15:29:14","date_gmt":"2025-02-21T15:29:14","guid":{"rendered":"https:\/\/villamelia.it\/come-arrivare\/"},"modified":"2025-12-14T07:44:28","modified_gmt":"2025-12-14T07:44:28","slug":"wie-komme-ich-dorthin","status":"publish","type":"page","link":"https:\/\/villamelia.it\/de\/wie-komme-ich-dorthin\/","title":{"rendered":"Wie komme ich dorthin"},"content":{"rendered":"\t\t<div data-elementor-type=\"wp-page\" data-elementor-id=\"1941\" class=\"elementor elementor-1941 elementor-443\">\n\t\t\t\t\t\t<section class=\"elementor-section elementor-top-section elementor-element elementor-element-7d33f364 elementor-section-full_width qode_elementor_container_inner elementor-section-height-default elementor-section-height-default parallax_section_no\" data-id=\"7d33f364\" data-element_type=\"section\" data-e-type=\"section\">\n\t\t\t\t\t\t<div class=\"elementor-container elementor-column-gap-no\">\n\t\t\t\t\t<div class=\"elementor-column elementor-col-100 elementor-top-column elementor-element elementor-element-6d7dd080\" data-id=\"6d7dd080\" data-element_type=\"column\" data-e-type=\"column\">\n\t\t\t<div class=\"elementor-widget-wrap elementor-element-populated\">\n\t\t\t\t\t\t<div class=\"elementor-element elementor-element-6c02d706 elementor-widget elementor-widget-text-editor\" data-id=\"6c02d706\" data-element_type=\"widget\" data-e-type=\"widget\" data-widget_type=\"text-editor.default\">\n\t\t\t\t<div class=\"elementor-widget-container\">\n\t\t\t\t\t\t\t\t\t<h1 style=\"text-align: center;\">ANFAHRT ZUR VILLA AMELIA<\/h1>\t\t\t\t\t\t\t\t<\/div>\n\t\t\t\t<\/div>\n\t\t\t\t<div class=\"elementor-element elementor-element-45a5775b elementor-widget elementor-widget-image\" data-id=\"45a5775b\" data-element_type=\"widget\" data-e-type=\"widget\" data-widget_type=\"image.default\">\n\t\t\t\t<div class=\"elementor-widget-container\">\n\t\t\t\t\t\t\t\t\t\t\t\t\t\t\t<img decoding=\"async\" width=\"70\" height=\"2\" src=\"https:\/\/villamelia.it\/wp-content\/uploads\/2020\/08\/border.png\" class=\"attachment-full size-full wp-image-1823\" alt=\"m\" \/>\t\t\t\t\t\t\t\t\t\t\t\t\t\t\t<\/div>\n\t\t\t\t<\/div>\n\t\t\t\t<div class=\"elementor-element elementor-element-69b66095 elementor-widget elementor-widget-text-editor\" data-id=\"69b66095\" data-element_type=\"widget\" data-e-type=\"widget\" data-widget_type=\"text-editor.default\">\n\t\t\t\t<div class=\"elementor-widget-container\">\n\t\t\t\t\t\t\t\t\t<h4 style=\"text-align: center;\">Hier finden Sie alle Informationen, die Sie ben\u00f6tigen, um uns zu erreichen mit dem Auto, der Bahn und dem Flugzeug.<\/h4>\t\t\t\t\t\t\t\t<\/div>\n\t\t\t\t<\/div>\n\t\t\t\t<section class=\"elementor-section elementor-inner-section elementor-element elementor-element-2ea86b6 elementor-section-full_width elementor-section-height-default elementor-section-height-default parallax_section_no qode_elementor_container_no\" data-id=\"2ea86b6\" data-element_type=\"section\" data-e-type=\"section\">\n\t\t\t\t\t\t<div class=\"elementor-container elementor-column-gap-no\">\n\t\t\t\t\t<div class=\"elementor-column elementor-col-100 elementor-inner-column elementor-element elementor-element-285cf65\" data-id=\"285cf65\" data-element_type=\"column\" data-e-type=\"column\">\n\t\t\t<div class=\"elementor-widget-wrap elementor-element-populated\">\n\t\t\t\t\t\t<div class=\"elementor-element elementor-element-a9112db elementor-widget__width-initial elementor-widget elementor-widget-text-editor\" data-id=\"a9112db\" data-element_type=\"widget\" data-e-type=\"widget\" data-widget_type=\"text-editor.default\">\n\t\t\t\t<div class=\"elementor-widget-container\">\n\t\t\t\t\t\t\t\t\t<p>Die Villa Amelia befindet sich in Orta San Giulio, Via Panoramica 1. Das Anwesen verf\u00fcgt \u00fcber eine private Garage und eine Ladestation f\u00fcr Elektroautos.<\/p><p>\u00a0<\/p><p><strong>ANREISE MIT DEM AUTO<\/strong><\/p><p>Um die Villa Amelia zu erreichen, nehmen Sie die Autobahn A26 und fahren Sie an der Ausfahrt Arona oder Borgomanero ab. Die Fahrt dauert ca. 20 Minuten.<\/p><p>\u00a0<\/p><p><strong>ANREISE MIT DEM FLUGZEUG<\/strong><\/p><p>Die Villa ist nur 45 Minuten vom internationalen Flughafen Mailand-Malpensa (MXP), 1 Stunde und 40 Minuten vom Flughafen Mailand-Linate (LIN), vom Flughafen Turin-Caselle (TRN) und vom Flughafen Bergamo-Orio al Serio (BGY) entfernt. Auf Anfrage bieten wir Ihnen einen privaten Transfer vom und zum Flughafen an.<\/p><p>\u00a0<\/p><p><strong>ANREISE MIT DEM ZUG<\/strong><\/p><p>Der Bahnhof Orta San Giulio, nur 1 km von unserer Villa entfernt, ist von Mailand oder Turin aus mit Umstieg in Arona oder Novara erreichbar.<\/p>\t\t\t\t\t\t\t\t<\/div>\n\t\t\t\t<\/div>\n\t\t\t\t\t<\/div>\n\t\t<\/div>\n\t\t\t\t\t<\/div>\n\t\t<\/section>\n\t\t\t\t\t<\/div>\n\t\t<\/div>\n\t\t\t\t\t<\/div>\n\t\t<\/section>\n\t\t<div class=\"elementor-element elementor-element-ffe11dd e-con-full e-flex parallax_section_no qode_elementor_container_no e-con e-parent\" data-id=\"ffe11dd\" data-element_type=\"container\" data-e-type=\"container\">\n\t\t\t\t<div class=\"elementor-element elementor-element-2913a6f elementor-widget elementor-widget-bridge_google_map\" data-id=\"2913a6f\" data-element_type=\"widget\" data-e-type=\"widget\" data-widget_type=\"bridge_google_map.default\">\n\t\t\t\t<div class=\"elementor-widget-container\">\n\t\t\t\t\t<div class='google_map_shortcode_holder' style='height:;'><div class='qode_google_map' style='height:;' id='map_canvas_37787' data-addresses='[\"Orta San Giulio, in Via Panoramica 1\"]' data-custom-map-style='false' data-color-overlay='' data-saturation='' data-lightness='' data-zoom='15' data-pin='https:\/\/villamelia.it\/wp-content\/themes\/bridge\/img\/pin.png' data-unique-id='37787' data-google-maps-scroll-wheel='false' data-snazzy-map-style='no'><\/div><div class='google_map_shortcode_overlay'><\/div><\/div>\t\t\t\t<\/div>\n\t\t\t\t<\/div>\n\t\t\t\t<\/div>\n\t\t\t\t<\/div>\n\t\t","protected":false},"excerpt":{"rendered":"<p>ANFAHRT ZUR VILLA AMELIA Hier finden Sie alle Informationen, die Sie ben\u00f6tigen, um uns zu erreichen mit dem Auto, der Bahn und dem Flugzeug. Die Villa Amelia befindet sich in Orta San Giulio, Via Panoramica 1. Das Anwesen verf\u00fcgt \u00fcber eine private Garage und eine&#8230;<\/p>\n","protected":false},"author":2,"featured_media":0,"parent":0,"menu_order":0,"comment_status":"closed","ping_status":"closed","template":"full_width.php","meta":{"footnotes":""},"class_list":["post-1941","page","type-page","status-publish","hentry"],"_links":{"self":[{"href":"https:\/\/villamelia.it\/de\/wp-json\/wp\/v2\/pages\/1941","targetHints":{"allow":["GET"]}}],"collection":[{"href":"https:\/\/villamelia.it\/de\/wp-json\/wp\/v2\/pages"}],"about":[{"href":"https:\/\/villamelia.it\/de\/wp-json\/wp\/v2\/types\/page"}],"author":[{"embeddable":true,"href":"https:\/\/villamelia.it\/de\/wp-json\/wp\/v2\/users\/2"}],"replies":[{"embeddable":true,"href":"https:\/\/villamelia.it\/de\/wp-json\/wp\/v2\/comments?post=1941"}],"version-history":[{"count":4,"href":"https:\/\/villamelia.it\/de\/wp-json\/wp\/v2\/pages\/1941\/revisions"}],"predecessor-version":[{"id":1945,"href":"https:\/\/villamelia.it\/de\/wp-json\/wp\/v2\/pages\/1941\/revisions\/1945"}],"wp:attachment":[{"href":"https:\/\/villamelia.it\/de\/wp-json\/wp\/v2\/media?parent=1941"}],"curies":[{"name":"wp","href":"https:\/\/api.w.org\/{rel}","templated":true}]}}