{"id":1951,"date":"2025-02-21T17:15:56","date_gmt":"2025-02-21T17:15:56","guid":{"rendered":"https:\/\/villamelia.it\/attivita\/"},"modified":"2025-12-14T07:59:14","modified_gmt":"2025-12-14T07:59:14","slug":"aktivitat","status":"publish","type":"page","link":"https:\/\/villamelia.it\/de\/aktivitat\/","title":{"rendered":"Aktivit\u00e4t"},"content":{"rendered":"\t\t<div data-elementor-type=\"wp-page\" data-elementor-id=\"1951\" class=\"elementor elementor-1951 elementor-501\">\n\t\t\t\t\t\t<section class=\"elementor-section elementor-top-section elementor-element elementor-element-e54c66d elementor-section-full_width qode_elementor_container_inner elementor-section-height-default elementor-section-height-default parallax_section_no\" data-id=\"e54c66d\" data-element_type=\"section\" data-e-type=\"section\">\n\t\t\t\t\t\t<div class=\"elementor-container elementor-column-gap-no\">\n\t\t\t\t\t<div class=\"elementor-column elementor-col-100 elementor-top-column elementor-element elementor-element-e15de23\" data-id=\"e15de23\" data-element_type=\"column\" data-e-type=\"column\">\n\t\t\t<div class=\"elementor-widget-wrap elementor-element-populated\">\n\t\t\t\t\t\t<div class=\"elementor-element elementor-element-8db04f1 elementor-widget elementor-widget-text-editor\" data-id=\"8db04f1\" data-element_type=\"widget\" data-e-type=\"widget\" data-widget_type=\"text-editor.default\">\n\t\t\t\t<div class=\"elementor-widget-container\">\n\t\t\t\t\t\t\t\t\t<h1>Aktivit\u00e4ten und Abenteuer am Ortasee<\/h1>\t\t\t\t\t\t\t\t<\/div>\n\t\t\t\t<\/div>\n\t\t\t\t<div class=\"elementor-element elementor-element-d99cab6 elementor-widget elementor-widget-image\" data-id=\"d99cab6\" data-element_type=\"widget\" data-e-type=\"widget\" data-widget_type=\"image.default\">\n\t\t\t\t<div class=\"elementor-widget-container\">\n\t\t\t\t\t\t\t\t\t\t\t\t\t\t\t<img decoding=\"async\" width=\"70\" height=\"2\" src=\"https:\/\/villamelia.it\/wp-content\/uploads\/2020\/08\/border.png\" class=\"attachment-full size-full wp-image-1823\" alt=\"m\" \/>\t\t\t\t\t\t\t\t\t\t\t\t\t\t\t<\/div>\n\t\t\t\t<\/div>\n\t\t\t\t<div class=\"elementor-element elementor-element-c709f03 elementor-widget elementor-widget-image\" data-id=\"c709f03\" data-element_type=\"widget\" data-e-type=\"widget\" data-widget_type=\"image.default\">\n\t\t\t\t<div class=\"elementor-widget-container\">\n\t\t\t\t\t\t\t\t\t\t\t\t\t\t\t<img fetchpriority=\"high\" decoding=\"async\" width=\"1300\" height=\"666\" src=\"https:\/\/villamelia.it\/wp-content\/uploads\/2025\/06\/Attivita_apertura.jpg\" class=\"attachment-full size-full wp-image-1849\" alt=\"\" srcset=\"https:\/\/villamelia.it\/wp-content\/uploads\/2025\/06\/Attivita_apertura.jpg 1300w, https:\/\/villamelia.it\/wp-content\/uploads\/2025\/06\/Attivita_apertura-300x154.jpg 300w, https:\/\/villamelia.it\/wp-content\/uploads\/2025\/06\/Attivita_apertura-1024x525.jpg 1024w, https:\/\/villamelia.it\/wp-content\/uploads\/2025\/06\/Attivita_apertura-768x393.jpg 768w, https:\/\/villamelia.it\/wp-content\/uploads\/2025\/06\/Attivita_apertura-700x359.jpg 700w\" sizes=\"(max-width: 1300px) 100vw, 1300px\" \/>\t\t\t\t\t\t\t\t\t\t\t\t\t\t\t<\/div>\n\t\t\t\t<\/div>\n\t\t\t\t<div class=\"elementor-element elementor-element-d38e6bc elementor-widget elementor-widget-text-editor\" data-id=\"d38e6bc\" data-element_type=\"widget\" data-e-type=\"widget\" data-widget_type=\"text-editor.default\">\n\t\t\t\t<div class=\"elementor-widget-container\">\n\t\t\t\t\t\t\t\t\t<p>Der Ortasee und seine Umgebung bieten vielf\u00e4ltige Erlebnisse f\u00fcr Naturliebhaber, Sportbegeisterte und Erholungssuchende. Ob Sie den See mit dem Kanu erkunden, malerische Wege mit dem E-Bike befahren, zur Insel San Giulio segeln oder sich bei einer Partie Tennis oder Padel beweisen m\u00f6chten \u2013 hier finden Sie garantiert die perfekte Aktivit\u00e4t, um dieses Paradies in vollen Z\u00fcgen zu genie\u00dfen. Entdecken Sie alle M\u00f6glichkeiten f\u00fcr einen unvergesslichen Aufenthalt!<\/p>\t\t\t\t\t\t\t\t<\/div>\n\t\t\t\t<\/div>\n\t\t\t\t\t<\/div>\n\t\t<\/div>\n\t\t\t\t\t<\/div>\n\t\t<\/section>\n\t\t\t\t<section class=\"elementor-section elementor-top-section elementor-element elementor-element-ff2cac6 elementor-section-full_width qode_elementor_container_inner elementor-section-height-default elementor-section-height-default parallax_section_no\" data-id=\"ff2cac6\" data-element_type=\"section\" data-e-type=\"section\">\n\t\t\t\t\t\t<div class=\"elementor-container elementor-column-gap-no\">\n\t\t\t\t\t<div class=\"elementor-column elementor-col-50 elementor-top-column elementor-element elementor-element-81a90c8\" data-id=\"81a90c8\" data-element_type=\"column\" data-e-type=\"column\">\n\t\t\t<div class=\"elementor-widget-wrap elementor-element-populated\">\n\t\t\t\t\t\t<div class=\"elementor-element elementor-element-24fdd81 elementor-widget elementor-widget-image\" data-id=\"24fdd81\" data-element_type=\"widget\" data-e-type=\"widget\" data-widget_type=\"image.default\">\n\t\t\t\t<div class=\"elementor-widget-container\">\n\t\t\t\t\t\t\t\t\t\t\t\t\t\t\t<img decoding=\"async\" width=\"653\" height=\"632\" src=\"https:\/\/villamelia.it\/wp-content\/uploads\/2025\/06\/foto_DOPPIA_sport_1.png\" class=\"attachment-full size-full wp-image-1946\" alt=\"\" srcset=\"https:\/\/villamelia.it\/wp-content\/uploads\/2025\/06\/foto_DOPPIA_sport_1.png 653w, https:\/\/villamelia.it\/wp-content\/uploads\/2025\/06\/foto_DOPPIA_sport_1-300x290.png 300w\" sizes=\"(max-width: 653px) 100vw, 653px\" \/>\t\t\t\t\t\t\t\t\t\t\t\t\t\t\t<\/div>\n\t\t\t\t<\/div>\n\t\t\t\t\t<\/div>\n\t\t<\/div>\n\t\t\t\t<div class=\"elementor-column elementor-col-50 elementor-top-column elementor-element elementor-element-985349c\" data-id=\"985349c\" data-element_type=\"column\" data-e-type=\"column\">\n\t\t\t<div class=\"elementor-widget-wrap elementor-element-populated\">\n\t\t\t\t\t\t<div class=\"elementor-element elementor-element-6cba9d0 elementor-widget elementor-widget-text-editor\" data-id=\"6cba9d0\" data-element_type=\"widget\" data-e-type=\"widget\" data-widget_type=\"text-editor.default\">\n\t\t\t\t<div class=\"elementor-widget-container\">\n\t\t\t\t\t\t\t\t\t<h1>Kanufahren: Entdecken Sie den See aus einer neuen Perspektive<\/h1>\t\t\t\t\t\t\t\t<\/div>\n\t\t\t\t<\/div>\n\t\t\t\t<div class=\"elementor-element elementor-element-0ff3e3f elementor-widget elementor-widget-image\" data-id=\"0ff3e3f\" data-element_type=\"widget\" data-e-type=\"widget\" data-widget_type=\"image.default\">\n\t\t\t\t<div class=\"elementor-widget-container\">\n\t\t\t\t\t\t\t\t\t\t\t\t\t\t\t<img decoding=\"async\" width=\"70\" height=\"2\" src=\"https:\/\/villamelia.it\/wp-content\/uploads\/2020\/08\/border.png\" class=\"attachment-full size-full wp-image-1823\" alt=\"m\" \/>\t\t\t\t\t\t\t\t\t\t\t\t\t\t\t<\/div>\n\t\t\t\t<\/div>\n\t\t\t\t<div class=\"elementor-element elementor-element-2b9a7f3 elementor-widget elementor-widget-text-editor\" data-id=\"2b9a7f3\" data-element_type=\"widget\" data-e-type=\"widget\" data-widget_type=\"text-editor.default\">\n\t\t\t\t<div class=\"elementor-widget-container\">\n\t\t\t\t\t\t\t\t\t<h4>Der Ortasee bietet Kanubegeisterten ein einzigartiges Erlebnis.<\/h4>\t\t\t\t\t\t\t\t<\/div>\n\t\t\t\t<\/div>\n\t\t\t\t<div class=\"elementor-element elementor-element-cdf0156 elementor-widget elementor-widget-text-editor\" data-id=\"cdf0156\" data-element_type=\"widget\" data-e-type=\"widget\" data-widget_type=\"text-editor.default\">\n\t\t\t\t<div class=\"elementor-widget-container\">\n\t\t\t\t\t\t\t\t\t<p>Eine Kanufahrt auf dem kristallklaren Wasser erm\u00f6glicht es Ihnen, verborgene Winkel zu entdecken und den See auf eine intime und naturnahe Weise zu erleben. Sie ist die perfekte Art, die Sch\u00f6nheit der Landschaft und der Seeufer zu bewundern, einschlie\u00dflich des Blicks auf die bezaubernde Insel San Giulio. Eine einmalige Gelegenheit, die Region aus einer einzigartigen und eindrucksvollen Perspektive zu erleben.<\/p>\t\t\t\t\t\t\t\t<\/div>\n\t\t\t\t<\/div>\n\t\t\t\t\t<\/div>\n\t\t<\/div>\n\t\t\t\t\t<\/div>\n\t\t<\/section>\n\t\t\t\t<section class=\"elementor-section elementor-top-section elementor-element elementor-element-c694704 elementor-section-full_width qode_elementor_container_inner elementor-section-height-default elementor-section-height-default parallax_section_no\" data-id=\"c694704\" data-element_type=\"section\" data-e-type=\"section\">\n\t\t\t\t\t\t<div class=\"elementor-container elementor-column-gap-no\">\n\t\t\t\t\t<div class=\"elementor-column elementor-col-50 elementor-top-column elementor-element elementor-element-c082aa6\" data-id=\"c082aa6\" data-element_type=\"column\" data-e-type=\"column\">\n\t\t\t<div class=\"elementor-widget-wrap elementor-element-populated\">\n\t\t\t\t\t\t<div class=\"elementor-element elementor-element-6c940b3 elementor-widget elementor-widget-text-editor\" data-id=\"6c940b3\" data-element_type=\"widget\" data-e-type=\"widget\" data-widget_type=\"text-editor.default\">\n\t\t\t\t<div class=\"elementor-widget-container\">\n\t\t\t\t\t\t\t\t\t<h1>E-Bike-Ausfl\u00fcge: Entdecken Sie den Ortasee auf zwei R\u00e4dern<\/h1>\t\t\t\t\t\t\t\t<\/div>\n\t\t\t\t<\/div>\n\t\t\t\t<div class=\"elementor-element elementor-element-3bf0cd2 elementor-widget elementor-widget-image\" data-id=\"3bf0cd2\" data-element_type=\"widget\" data-e-type=\"widget\" data-widget_type=\"image.default\">\n\t\t\t\t<div class=\"elementor-widget-container\">\n\t\t\t\t\t\t\t\t\t\t\t\t\t\t\t<img decoding=\"async\" width=\"70\" height=\"2\" src=\"https:\/\/villamelia.it\/wp-content\/uploads\/2020\/08\/border.png\" class=\"attachment-full size-full wp-image-1823\" alt=\"m\" \/>\t\t\t\t\t\t\t\t\t\t\t\t\t\t\t<\/div>\n\t\t\t\t<\/div>\n\t\t\t\t<div class=\"elementor-element elementor-element-ade27bf elementor-widget elementor-widget-text-editor\" data-id=\"ade27bf\" data-element_type=\"widget\" data-e-type=\"widget\" data-widget_type=\"text-editor.default\">\n\t\t\t\t<div class=\"elementor-widget-container\">\n\t\t\t\t\t\t\t\t\t<h4>Erkunden Sie den Ortasee und seine Umgebung auf unterhaltsame und nachhaltige Weise mit einer E-Bike-Tour.<\/h4>\t\t\t\t\t\t\t\t<\/div>\n\t\t\t\t<\/div>\n\t\t\t\t<div class=\"elementor-element elementor-element-d75a208 elementor-widget elementor-widget-text-editor\" data-id=\"d75a208\" data-element_type=\"widget\" data-e-type=\"widget\" data-widget_type=\"text-editor.default\">\n\t\t\t\t<div class=\"elementor-widget-container\">\n\t\t\t\t\t\t\t\t\t<p>Mit E-Bikes k\u00f6nnen Sie die Gegend ganz einfach und in Ihrem eigenen Tempo erkunden. Die E-Bikes sind f\u00fcr Erwachsene und Kinder erh\u00e4ltlich und bieten ein einzigartiges Erlebnis mit Routen f\u00fcr jedes Niveau \u2013 vom Anf\u00e4nger bis zum Profi.<\/p><p>Wenn Sie eine individuelle Tour bevorzugen, k\u00f6nnen Sie an gef\u00fchrten Touren teilnehmen, die Sie zu versteckten Orten und spektakul\u00e4ren Aussichten f\u00fchren und dabei die Natur respektieren.<\/p>\t\t\t\t\t\t\t\t<\/div>\n\t\t\t\t<\/div>\n\t\t\t\t\t<\/div>\n\t\t<\/div>\n\t\t\t\t<div class=\"elementor-column elementor-col-50 elementor-top-column elementor-element elementor-element-c152e21\" data-id=\"c152e21\" data-element_type=\"column\" data-e-type=\"column\">\n\t\t\t<div class=\"elementor-widget-wrap elementor-element-populated\">\n\t\t\t\t\t\t<div class=\"elementor-element elementor-element-37a0466 elementor-widget elementor-widget-image\" data-id=\"37a0466\" data-element_type=\"widget\" data-e-type=\"widget\" data-widget_type=\"image.default\">\n\t\t\t\t<div class=\"elementor-widget-container\">\n\t\t\t\t\t\t\t\t\t\t\t\t\t\t\t<img loading=\"lazy\" decoding=\"async\" width=\"653\" height=\"632\" src=\"https:\/\/villamelia.it\/wp-content\/uploads\/2025\/06\/foto_DOPPIA_sport_2.png\" class=\"attachment-full size-full wp-image-1947\" alt=\"\" srcset=\"https:\/\/villamelia.it\/wp-content\/uploads\/2025\/06\/foto_DOPPIA_sport_2.png 653w, https:\/\/villamelia.it\/wp-content\/uploads\/2025\/06\/foto_DOPPIA_sport_2-300x290.png 300w\" sizes=\"(max-width: 653px) 100vw, 653px\" \/>\t\t\t\t\t\t\t\t\t\t\t\t\t\t\t<\/div>\n\t\t\t\t<\/div>\n\t\t\t\t\t<\/div>\n\t\t<\/div>\n\t\t\t\t\t<\/div>\n\t\t<\/section>\n\t\t\t\t<section class=\"elementor-section elementor-top-section elementor-element elementor-element-89f8d95 elementor-section-full_width qode_elementor_container_inner elementor-section-height-default elementor-section-height-default parallax_section_no\" data-id=\"89f8d95\" data-element_type=\"section\" data-e-type=\"section\">\n\t\t\t\t\t\t<div class=\"elementor-container elementor-column-gap-no\">\n\t\t\t\t\t<div class=\"elementor-column elementor-col-50 elementor-top-column elementor-element elementor-element-e34730c\" data-id=\"e34730c\" data-element_type=\"column\" data-e-type=\"column\">\n\t\t\t<div class=\"elementor-widget-wrap elementor-element-populated\">\n\t\t\t\t\t\t<div class=\"elementor-element elementor-element-efa0226 elementor-widget elementor-widget-image\" data-id=\"efa0226\" data-element_type=\"widget\" data-e-type=\"widget\" data-widget_type=\"image.default\">\n\t\t\t\t<div class=\"elementor-widget-container\">\n\t\t\t\t\t\t\t\t\t\t\t\t\t\t\t<img loading=\"lazy\" decoding=\"async\" width=\"653\" height=\"632\" src=\"https:\/\/villamelia.it\/wp-content\/uploads\/2025\/06\/foto_DOPPIA_sport_4.png\" class=\"attachment-full size-full wp-image-1948\" alt=\"\" srcset=\"https:\/\/villamelia.it\/wp-content\/uploads\/2025\/06\/foto_DOPPIA_sport_4.png 653w, https:\/\/villamelia.it\/wp-content\/uploads\/2025\/06\/foto_DOPPIA_sport_4-300x290.png 300w\" sizes=\"(max-width: 653px) 100vw, 653px\" \/>\t\t\t\t\t\t\t\t\t\t\t\t\t\t\t<\/div>\n\t\t\t\t<\/div>\n\t\t\t\t\t<\/div>\n\t\t<\/div>\n\t\t\t\t<div class=\"elementor-column elementor-col-50 elementor-top-column elementor-element elementor-element-c5dbfe8\" data-id=\"c5dbfe8\" data-element_type=\"column\" data-e-type=\"column\">\n\t\t\t<div class=\"elementor-widget-wrap elementor-element-populated\">\n\t\t\t\t\t\t<div class=\"elementor-element elementor-element-0d552fb elementor-widget elementor-widget-text-editor\" data-id=\"0d552fb\" data-element_type=\"widget\" data-e-type=\"widget\" data-widget_type=\"text-editor.default\">\n\t\t\t\t<div class=\"elementor-widget-container\">\n\t\t\t\t\t\t\t\t\t<h1>Ortasee mit dem Boot: Ein einzigartiges Erlebnis<\/h1>\t\t\t\t\t\t\t\t<\/div>\n\t\t\t\t<\/div>\n\t\t\t\t<div class=\"elementor-element elementor-element-01a9ed7 elementor-widget elementor-widget-image\" data-id=\"01a9ed7\" data-element_type=\"widget\" data-e-type=\"widget\" data-widget_type=\"image.default\">\n\t\t\t\t<div class=\"elementor-widget-container\">\n\t\t\t\t\t\t\t\t\t\t\t\t\t\t\t<img decoding=\"async\" width=\"70\" height=\"2\" src=\"https:\/\/villamelia.it\/wp-content\/uploads\/2020\/08\/border.png\" class=\"attachment-full size-full wp-image-1823\" alt=\"m\" \/>\t\t\t\t\t\t\t\t\t\t\t\t\t\t\t<\/div>\n\t\t\t\t<\/div>\n\t\t\t\t<div class=\"elementor-element elementor-element-4a5aa01 elementor-widget elementor-widget-text-editor\" data-id=\"4a5aa01\" data-element_type=\"widget\" data-e-type=\"widget\" data-widget_type=\"text-editor.default\">\n\t\t\t\t<div class=\"elementor-widget-container\">\n\t\t\t\t\t\t\t\t\t<h4>Entdecken Sie den Ortasee aus einer unvergesslichen Perspektive.<\/h4>\t\t\t\t\t\t\t\t<\/div>\n\t\t\t\t<\/div>\n\t\t\t\t<div class=\"elementor-element elementor-element-08f84db elementor-widget elementor-widget-text-editor\" data-id=\"08f84db\" data-element_type=\"widget\" data-e-type=\"widget\" data-widget_type=\"text-editor.default\">\n\t\t\t\t<div class=\"elementor-widget-container\">\n\t\t\t\t\t\t\t\t\t<p>Boote fahren alle 15 Minuten zur Insel San Giulio, nur wenige Minuten von Orta entfernt. Bei einer kurzen Fahrt k\u00f6nnen Sie die Sch\u00f6nheit des Sees bewundern und auf der f\u00fcr ihre Ruhe und ihr Kloster bekannten Insel an Land gehen. Wenn Sie ein intensiveres Erlebnis bevorzugen, k\u00f6nnen Sie eine Mini-Kreuzfahrt unternehmen, die Sie zwischen den historischen Villen des Sees hindurchf\u00fchrt und atemberaubende Ausblicke bietet. Der See und seine Wunder erwarten Sie: eine Reise, die Natur, Geschichte und Sch\u00f6nheit vereint und f\u00fcr jeden zug\u00e4nglich ist.<\/p>\t\t\t\t\t\t\t\t<\/div>\n\t\t\t\t<\/div>\n\t\t\t\t\t<\/div>\n\t\t<\/div>\n\t\t\t\t\t<\/div>\n\t\t<\/section>\n\t\t\t\t<section class=\"elementor-section elementor-top-section elementor-element elementor-element-37fa530 elementor-section-full_width qode_elementor_container_inner elementor-section-height-default elementor-section-height-default parallax_section_no\" data-id=\"37fa530\" data-element_type=\"section\" data-e-type=\"section\">\n\t\t\t\t\t\t<div class=\"elementor-container elementor-column-gap-no\">\n\t\t\t\t\t<div class=\"elementor-column elementor-col-50 elementor-top-column elementor-element elementor-element-f447c07\" data-id=\"f447c07\" data-element_type=\"column\" data-e-type=\"column\">\n\t\t\t<div class=\"elementor-widget-wrap elementor-element-populated\">\n\t\t\t\t\t\t<div class=\"elementor-element elementor-element-3f0a390 elementor-widget elementor-widget-text-editor\" data-id=\"3f0a390\" data-element_type=\"widget\" data-e-type=\"widget\" data-widget_type=\"text-editor.default\">\n\t\t\t\t<div class=\"elementor-widget-container\">\n\t\t\t\t\t\t\t\t\t<h1>Tennis und Padel, Sport<br \/>und Entspannung am See<\/h1>\t\t\t\t\t\t\t\t<\/div>\n\t\t\t\t<\/div>\n\t\t\t\t<div class=\"elementor-element elementor-element-8ed1c40 elementor-widget elementor-widget-image\" data-id=\"8ed1c40\" data-element_type=\"widget\" data-e-type=\"widget\" data-widget_type=\"image.default\">\n\t\t\t\t<div class=\"elementor-widget-container\">\n\t\t\t\t\t\t\t\t\t\t\t\t\t\t\t<img decoding=\"async\" width=\"70\" height=\"2\" src=\"https:\/\/villamelia.it\/wp-content\/uploads\/2020\/08\/border.png\" class=\"attachment-full size-full wp-image-1823\" alt=\"m\" \/>\t\t\t\t\t\t\t\t\t\t\t\t\t\t\t<\/div>\n\t\t\t\t<\/div>\n\t\t\t\t<div class=\"elementor-element elementor-element-a735c9e elementor-widget elementor-widget-text-editor\" data-id=\"a735c9e\" data-element_type=\"widget\" data-e-type=\"widget\" data-widget_type=\"text-editor.default\">\n\t\t\t\t<div class=\"elementor-widget-container\">\n\t\t\t\t\t\t\t\t\t<h4>Nur wenige Schritte von der Villa Amelia entfernt k\u00f6nnen Sie eine Partie Tennis oder Padel spielen.<\/h4>\t\t\t\t\t\t\t\t<\/div>\n\t\t\t\t<\/div>\n\t\t\t\t<div class=\"elementor-element elementor-element-c15f451 elementor-widget elementor-widget-text-editor\" data-id=\"c15f451\" data-element_type=\"widget\" data-e-type=\"widget\" data-widget_type=\"text-editor.default\">\n\t\t\t\t<div class=\"elementor-widget-container\">\n\t\t\t\t\t\t\t\t\t<p>Schl\u00e4ger k\u00f6nnen ausgeliehen werden, und dank der Flutlichtanlage k\u00f6nnen Sie auch nach Einbruch der Dunkelheit spielen. Privatstunden zur Verbesserung Ihres Spiels sind ebenfalls verf\u00fcgbar.<\/p>\t\t\t\t\t\t\t\t<\/div>\n\t\t\t\t<\/div>\n\t\t\t\t\t<\/div>\n\t\t<\/div>\n\t\t\t\t<div class=\"elementor-column elementor-col-50 elementor-top-column elementor-element elementor-element-256976d\" data-id=\"256976d\" data-element_type=\"column\" data-e-type=\"column\">\n\t\t\t<div class=\"elementor-widget-wrap elementor-element-populated\">\n\t\t\t\t\t\t<div class=\"elementor-element elementor-element-f1c6067 elementor-widget elementor-widget-image\" data-id=\"f1c6067\" data-element_type=\"widget\" data-e-type=\"widget\" data-widget_type=\"image.default\">\n\t\t\t\t<div class=\"elementor-widget-container\">\n\t\t\t\t\t\t\t\t\t\t\t\t\t\t\t<img loading=\"lazy\" decoding=\"async\" width=\"653\" height=\"632\" src=\"https:\/\/villamelia.it\/wp-content\/uploads\/2025\/06\/foto_DOPPIA_sport_3.png\" class=\"attachment-full size-full wp-image-1949\" alt=\"\" srcset=\"https:\/\/villamelia.it\/wp-content\/uploads\/2025\/06\/foto_DOPPIA_sport_3.png 653w, https:\/\/villamelia.it\/wp-content\/uploads\/2025\/06\/foto_DOPPIA_sport_3-300x290.png 300w\" sizes=\"(max-width: 653px) 100vw, 653px\" \/>\t\t\t\t\t\t\t\t\t\t\t\t\t\t\t<\/div>\n\t\t\t\t<\/div>\n\t\t\t\t\t<\/div>\n\t\t<\/div>\n\t\t\t\t\t<\/div>\n\t\t<\/section>\n\t\t\t\t<\/div>\n\t\t","protected":false},"excerpt":{"rendered":"<p>Aktivit\u00e4ten und Abenteuer am Ortasee Der Ortasee und seine Umgebung bieten vielf\u00e4ltige Erlebnisse f\u00fcr Naturliebhaber, Sportbegeisterte und Erholungssuchende. Ob Sie den See mit dem Kanu erkunden, malerische Wege mit dem E-Bike befahren, zur Insel San Giulio segeln oder sich bei einer Partie Tennis oder Padel&#8230;<\/p>\n","protected":false},"author":2,"featured_media":0,"parent":0,"menu_order":0,"comment_status":"closed","ping_status":"closed","template":"full_width.php","meta":{"footnotes":""},"class_list":["post-1951","page","type-page","status-publish","hentry"],"_links":{"self":[{"href":"https:\/\/villamelia.it\/de\/wp-json\/wp\/v2\/pages\/1951","targetHints":{"allow":["GET"]}}],"collection":[{"href":"https:\/\/villamelia.it\/de\/wp-json\/wp\/v2\/pages"}],"about":[{"href":"https:\/\/villamelia.it\/de\/wp-json\/wp\/v2\/types\/page"}],"author":[{"embeddable":true,"href":"https:\/\/villamelia.it\/de\/wp-json\/wp\/v2\/users\/2"}],"replies":[{"embeddable":true,"href":"https:\/\/villamelia.it\/de\/wp-json\/wp\/v2\/comments?post=1951"}],"version-history":[{"count":4,"href":"https:\/\/villamelia.it\/de\/wp-json\/wp\/v2\/pages\/1951\/revisions"}],"predecessor-version":[{"id":1956,"href":"https:\/\/villamelia.it\/de\/wp-json\/wp\/v2\/pages\/1951\/revisions\/1956"}],"wp:attachment":[{"href":"https:\/\/villamelia.it\/de\/wp-json\/wp\/v2\/media?parent=1951"}],"curies":[{"name":"wp","href":"https:\/\/api.w.org\/{rel}","templated":true}]}}